{"id":1621,"date":"2025-02-24T12:50:01","date_gmt":"2025-02-24T12:50:01","guid":{"rendered":"https:\/\/citygruppen.fi\/?page_id=1621"},"modified":"2026-04-10T08:23:43","modified_gmt":"2026-04-10T08:23:43","slug":"treat-yourself","status":"publish","type":"page","link":"https:\/\/citygruppen.fi\/fi\/treat-yourself\/","title":{"rendered":"Treat yourself"},"content":{"rendered":"<p>[et_pb_section fb_built=&#8221;1&#8243; fullwidth=&#8221;on&#8221; _builder_version=&#8221;4.25.2&#8243; _module_preset=&#8221;default&#8221; global_colors_info=&#8221;{}&#8221;][et_pb_fullwidth_image src=&#8221;https:\/\/citygruppen.fi\/wp-content\/uploads\/2026\/03\/Treat-yourself-576-x-256-px-Website.jpg&#8221; title_text=&#8221;Treat yourself (576 x 256 px) (Website)&#8221; _builder_version=&#8221;4.27.5&#8243; _module_preset=&#8221;default&#8221; width=&#8221;100%&#8221; max_width=&#8221;100%&#8221; min_height=&#8221;1000px&#8221; height=&#8221;1000px&#8221; max_height=&#8221;1000px&#8221; global_colors_info=&#8221;{}&#8221;][\/et_pb_fullwidth_image][\/et_pb_section][et_pb_section fb_built=&#8221;1&#8243; admin_label=&#8221;About&#8221; _builder_version=&#8221;4.25.1&#8243; _module_preset=&#8221;default&#8221; min_height=&#8221;821.8px&#8221; overflow-x=&#8221;hidden&#8221; overflow-y=&#8221;hidden&#8221; custom_padding=&#8221;0px|||||&#8221; collapsed=&#8221;on&#8221; global_colors_info=&#8221;{}&#8221;][et_pb_row column_structure=&#8221;1_2,1_2&#8243; _builder_version=&#8221;4.25.1&#8243; _module_preset=&#8221;default&#8221; min_height=&#8221;466.8px&#8221; custom_padding=&#8221;0px|||||&#8221; global_colors_info=&#8221;{}&#8221;][et_pb_column type=&#8221;1_2&#8243; _builder_version=&#8221;4.25.1&#8243; _module_preset=&#8221;default&#8221; custom_padding=&#8221;10%||||false|false&#8221; custom_padding_tablet=&#8221;0px||||false|false&#8221; custom_padding_phone=&#8221;0px||||false|false&#8221; custom_padding_last_edited=&#8221;on|desktop&#8221; global_colors_info=&#8221;{}&#8221;][et_pb_heading title=&#8221;TREAT YOURSELF 10.-11.4&#8243; _builder_version=&#8221;4.27.4&#8243; _module_preset=&#8221;61b5d77c-76ba-4e48-8624-991a6c45e9a5&#8243; custom_margin=&#8221;||||false|false&#8221; global_colors_info=&#8221;{}&#8221;][\/et_pb_heading][et_pb_text _builder_version=&#8221;4.27.4&#8243; _module_preset=&#8221;a370aaa2-573e-4cb8-86e9-fd133b63b166&#8243; min_height=&#8221;543px&#8221; custom_padding=&#8221;||124px|||&#8221; global_colors_info=&#8221;{}&#8221;]<\/p>\n<div _ngcontent-ng-c127206649=\"\" class=\"avatar-gutter ng-tns-c127206649-31 ng-star-inserted\">\n<p>\u00c4R DU REDO ATT SK\u00c4MMA BORT DIG SJ\u00c4LV? V\u00e4lkommen till Jakobstad centrum f\u00f6r att ta del av specialerbjudanden hos v\u00e5ra medlemsf\u00f6retag. Evenemanget ger dig en paus fr\u00e5n vardagen, s\u00e5 att du kan njuta av vad v\u00e5ra medlemmar har att erbjuda.<\/p>\n<p>&nbsp;<\/p>\n<\/div>\n<div _ngcontent-ng-c127206649=\"\" selection=\"\" class=\"response-container-content ng-tns-c127206649-31\">\n<div _ngcontent-ng-c1917502892=\"\" class=\"response-content ng-tns-c127206649-31\">\n<div _ngcontent-ng-c740737429=\"\" class=\"markdown markdown-main-panel\" dir=\"ltr\">\n<p data-sourcepos=\"1:1-1:26\" class=\"first-token\"><span>Programmet uppdateras h\u00e4r. Medlemmarnas butiksspecifika erbjudanden och aktiviteter kommer att finnas tillg\u00e4ngliga n\u00e4rmare.<\/span><\/p>\n<\/div>\n<\/div>\n<\/div>\n<p>[\/et_pb_text][\/et_pb_column][et_pb_column type=&#8221;1_2&#8243; _builder_version=&#8221;4.25.1&#8243; _module_preset=&#8221;default&#8221; global_colors_info=&#8221;{}&#8221;][\/et_pb_column][\/et_pb_row][\/et_pb_section][et_pb_section fb_built=&#8221;1&#8243; admin_label=&#8221;Workshops&#8221; _builder_version=&#8221;4.25.1&#8243; _module_preset=&#8221;default&#8221; min_height=&#8221;1041.8px&#8221; custom_margin=&#8221;-357px|||||&#8221; custom_padding=&#8221;107px||0px|||&#8221; collapsed=&#8221;on&#8221; global_colors_info=&#8221;{}&#8221;][et_pb_row _builder_version=&#8221;4.25.1&#8243; _module_preset=&#8221;default&#8221; min_height=&#8221;47.1px&#8221; custom_padding=&#8221;65px|||||&#8221; global_colors_info=&#8221;{}&#8221;][et_pb_column type=&#8221;4_4&#8243; _builder_version=&#8221;4.25.1&#8243; _module_preset=&#8221;default&#8221; global_colors_info=&#8221;{}&#8221;][et_pb_heading title=&#8221;Medlemmars program och erbjudanden&#8221; _builder_version=&#8221;4.27.4&#8243; _module_preset=&#8221;61b5d77c-76ba-4e48-8624-991a6c45e9a5&#8243; title_font_size=&#8221;45px&#8221; min_height=&#8221;10px&#8221; custom_margin=&#8221;-49px|||||&#8221; custom_padding=&#8221;0px||0px|||&#8221; global_colors_info=&#8221;{}&#8221;][\/et_pb_heading][\/et_pb_column][\/et_pb_row][et_pb_row column_structure=&#8221;1_2,1_2&#8243; _builder_version=&#8221;4.25.1&#8243; _module_preset=&#8221;default&#8221; custom_padding=&#8221;||0px|||&#8221; locked=&#8221;off&#8221; global_colors_info=&#8221;{}&#8221;][et_pb_column type=&#8221;1_2&#8243; _builder_version=&#8221;4.25.1&#8243; _module_preset=&#8221;default&#8221; global_colors_info=&#8221;{}&#8221;][et_pb_image src=&#8221;https:\/\/citygruppen.fi\/wp-content\/uploads\/2026\/04\/Valokuva-henkilolta-Hanna-Citygruppen-1.jpg&#8221; title_text=&#8221;Valokuva henkil\u00f6lt\u00e4 Hanna Citygruppen (1)&#8221; _builder_version=&#8221;4.27.6&#8243; _module_preset=&#8221;default&#8221; width=&#8221;100%&#8221; max_width=&#8221;100%&#8221; module_alignment=&#8221;center&#8221; min_height=&#8221;105px&#8221; height=&#8221;250px&#8221; max_height=&#8221;575px&#8221; custom_padding=&#8221;||24px|||&#8221; global_colors_info=&#8221;{}&#8221;][\/et_pb_image][\/et_pb_column][et_pb_column type=&#8221;1_2&#8243; _builder_version=&#8221;4.25.1&#8243; _module_preset=&#8221;default&#8221; global_colors_info=&#8221;{}&#8221;][et_pb_text _builder_version=&#8221;4.27.6&#8243; _module_preset=&#8221;default&#8221; custom_padding=&#8221;||58px|||&#8221; global_colors_info=&#8221;{}&#8221;]<\/p>\n<p>Fiika bjuder kaffe\/te + valfri bakelse endast 6,50\u20ac<\/p>\n<p>[\/et_pb_text][\/et_pb_column][\/et_pb_row][et_pb_row column_structure=&#8221;1_2,1_2&#8243; _builder_version=&#8221;4.25.1&#8243; _module_preset=&#8221;default&#8221; max_width=&#8221;1120px&#8221; min_height=&#8221;1367.9px&#8221; custom_margin=&#8221;-43px|auto|20px|auto|false|false&#8221; custom_padding=&#8221;20px|20px|20px|20px|true|true&#8221; link_option_url=&#8221;#&#8221; box_shadow_style=&#8221;preset1&#8243; box_shadow_vertical=&#8221;20px&#8221; box_shadow_blur=&#8221;40px&#8221; box_shadow_color=&#8221;RGBA(255,255,255,0)&#8221; global_colors_info=&#8221;{}&#8221; custom_padding__hover_enabled=&#8221;on|desktop&#8221; custom_padding__hover=&#8221;|20px||20px|true|true&#8221; border_radii__hover_enabled=&#8221;on|desktop&#8221; border_radii__hover=&#8221;on|12px|12px|12px|12px&#8221; box_shadow_color__hover_enabled=&#8221;on|desktop&#8221; box_shadow_color__hover=&#8221;rgba(0,0,0,0.07)&#8221;][et_pb_column type=&#8221;1_2&#8243; _builder_version=&#8221;4.25.1&#8243; _module_preset=&#8221;default&#8221; global_colors_info=&#8221;{}&#8221;][et_pb_image src=&#8221;https:\/\/citygruppen.fi\/wp-content\/uploads\/2026\/04\/pavis.jpeg&#8221; title_text=&#8221;pavis&#8221; _builder_version=&#8221;4.27.6&#8243; _module_preset=&#8221;default&#8221; width=&#8221;100%&#8221; max_width=&#8221;100%&#8221; height=&#8221;1027px&#8221; max_height=&#8221;159px&#8221; global_colors_info=&#8221;{}&#8221;][\/et_pb_image][et_pb_image src=&#8221;https:\/\/citygruppen.fi\/wp-content\/uploads\/2025\/10\/Jakobstad-Pietarsaari-23.-27.10-99-x-111-mm-2-e1775646473634.png&#8221; title_text=&#8221;Jakobstad Pietarsaari 23.-27.10 (99 x 111 mm) (2)&#8221; _builder_version=&#8221;4.27.6&#8243; _module_preset=&#8221;default&#8221; width=&#8221;100%&#8221; max_width=&#8221;100%&#8221; module_alignment=&#8221;center&#8221; min_height=&#8221;105px&#8221; custom_padding=&#8221;||0px|||&#8221; global_colors_info=&#8221;{}&#8221;][\/et_pb_image][et_pb_image src=&#8221;https:\/\/citygruppen.fi\/wp-content\/uploads\/2026\/04\/Skorpan3.png&#8221; title_text=&#8221;Skorpan+3&#8243; _builder_version=&#8221;4.27.6&#8243; _module_preset=&#8221;default&#8221; global_colors_info=&#8221;{}&#8221;][\/et_pb_image][et_pb_image src=&#8221;https:\/\/citygruppen.fi\/wp-content\/uploads\/2025\/11\/kglogo-20242.webp&#8221; title_text=&#8221;kglogo-20242&#8243; _builder_version=&#8221;4.27.5&#8243; _module_preset=&#8221;default&#8221; custom_padding=&#8221;||38px|||&#8221; global_colors_info=&#8221;{}&#8221;][\/et_pb_image][et_pb_image src=&#8221;https:\/\/citygruppen.fi\/wp-content\/uploads\/2023\/10\/logo-lindex.png&#8221; title_text=&#8221;logo lindex&#8221; _builder_version=&#8221;4.27.5&#8243; _module_preset=&#8221;default&#8221; min_height=&#8221;214px&#8221; custom_padding=&#8221;||38px|||&#8221; global_colors_info=&#8221;{}&#8221;][\/et_pb_image][et_pb_image src=&#8221;https:\/\/citygruppen.fi\/wp-content\/uploads\/2025\/10\/apteekki_esplanad_logo_fi.png&#8221; title_text=&#8221;apteekki_esplanad_logo_fi&#8221; _builder_version=&#8221;4.27.5&#8243; _module_preset=&#8221;default&#8221; min_height=&#8221;83px&#8221; global_colors_info=&#8221;{}&#8221;][\/et_pb_image][et_pb_image src=&#8221;https:\/\/citygruppen.fi\/wp-content\/uploads\/2024\/10\/Smedlund_logo.jpg&#8221; title_text=&#8221;Smedlund_logo&#8221; _builder_version=&#8221;4.27.6&#8243; _module_preset=&#8221;default&#8221; width=&#8221;100%&#8221; max_width=&#8221;100%&#8221; module_alignment=&#8221;center&#8221; min_height=&#8221;351px&#8221; height=&#8221;100px&#8221; max_height=&#8221;575px&#8221; custom_margin=&#8221;166px|||||&#8221; custom_padding=&#8221;||0px|||&#8221; global_colors_info=&#8221;{}&#8221;][\/et_pb_image][et_pb_image src=&#8221;https:\/\/citygruppen.fi\/wp-content\/uploads\/2025\/10\/Cosmetique-logo-svart.png&#8221; title_text=&#8221;Cosmetique logo svart&#8221; _builder_version=&#8221;4.27.6&#8243; _module_preset=&#8221;default&#8221; width=&#8221;75.6%&#8221; max_width=&#8221;94%&#8221; module_alignment=&#8221;center&#8221; min_height=&#8221;100px&#8221; height=&#8221;332px&#8221; max_height=&#8221;575px&#8221; custom_padding=&#8221;||0px|||&#8221; hover_enabled=&#8221;0&#8243; global_colors_info=&#8221;{}&#8221; sticky_enabled=&#8221;0&#8243;][\/et_pb_image][et_pb_image src=&#8221;https:\/\/citygruppen.fi\/wp-content\/uploads\/2026\/03\/OIP-5.webp&#8221; title_text=&#8221;OIP (5)&#8221; _builder_version=&#8221;4.27.6&#8243; _module_preset=&#8221;default&#8221; width=&#8221;100%&#8221; max_width=&#8221;100%&#8221; module_alignment=&#8221;center&#8221; min_height=&#8221;254px&#8221; height=&#8221;100px&#8221; max_height=&#8221;575px&#8221; custom_padding=&#8221;||0px|||&#8221; global_colors_info=&#8221;{}&#8221;][\/et_pb_image][et_pb_image src=&#8221;https:\/\/citygruppen.fi\/wp-content\/uploads\/2025\/10\/logohotorgcentret.png&#8221; title_text=&#8221;logoh\u00f6torgcentret&#8221; _builder_version=&#8221;4.27.6&#8243; _module_preset=&#8221;default&#8221; width=&#8221;100%&#8221; max_width=&#8221;100%&#8221; module_alignment=&#8221;center&#8221; min_height=&#8221;254px&#8221; height=&#8221;100px&#8221; max_height=&#8221;575px&#8221; custom_padding=&#8221;||0px|||&#8221; global_colors_info=&#8221;{}&#8221;][\/et_pb_image][et_pb_image src=&#8221;https:\/\/citygruppen.fi\/wp-content\/uploads\/2024\/10\/textilshoppen.webp&#8221; title_text=&#8221;textilshoppen&#8221; _builder_version=&#8221;4.27.5&#8243; _module_preset=&#8221;default&#8221; width=&#8221;100%&#8221; max_width=&#8221;100%&#8221; module_alignment=&#8221;center&#8221; min_height=&#8221;159px&#8221; height=&#8221;100px&#8221; max_height=&#8221;100px&#8221; custom_margin=&#8221;43px|||||&#8221; custom_padding=&#8221;0px||40px|||&#8221; global_colors_info=&#8221;{}&#8221;][\/et_pb_image][et_pb_image src=&#8221;https:\/\/citygruppen.fi\/wp-content\/uploads\/2024\/02\/Widetoes-logo.jpg&#8221; title_text=&#8221;Widetoes-logo&#8221; _builder_version=&#8221;4.27.5&#8243; _module_preset=&#8221;default&#8221; width=&#8221;100%&#8221; max_width=&#8221;100%&#8221; module_alignment=&#8221;center&#8221; min_height=&#8221;105px&#8221; height=&#8221;100px&#8221; max_height=&#8221;575px&#8221; custom_padding=&#8221;||0px|||&#8221; global_colors_info=&#8221;{}&#8221;][\/et_pb_image][et_pb_image src=&#8221;https:\/\/citygruppen.fi\/wp-content\/uploads\/2025\/03\/marksiris_ot_webb.png&#8221; title_text=&#8221;marks&#038;iris_ot_webb&#8221; _builder_version=&#8221;4.27.5&#8243; _module_preset=&#8221;default&#8221; width=&#8221;100%&#8221; max_width=&#8221;100%&#8221; module_alignment=&#8221;center&#8221; min_height=&#8221;105px&#8221; height=&#8221;250px&#8221; max_height=&#8221;575px&#8221; custom_padding=&#8221;||0px|||&#8221; global_colors_info=&#8221;{}&#8221;][\/et_pb_image][et_pb_image src=&#8221;https:\/\/citygruppen.fi\/wp-content\/uploads\/2025\/03\/kappahl-logo-700&#215;512-1.jpg&#8221; title_text=&#8221;kappahl-logo-700&#215;512&#8243; _builder_version=&#8221;4.27.6&#8243; _module_preset=&#8221;default&#8221; width=&#8221;100%&#8221; max_width=&#8221;100%&#8221; module_alignment=&#8221;center&#8221; min_height=&#8221;280px&#8221; height=&#8221;100px&#8221; max_height=&#8221;575px&#8221; custom_padding=&#8221;||0px|||&#8221; global_colors_info=&#8221;{}&#8221;][\/et_pb_image][et_pb_image src=&#8221;https:\/\/citygruppen.fi\/wp-content\/uploads\/2024\/10\/OIP.jpeg&#8221; title_text=&#8221;OIP&#8221; _builder_version=&#8221;4.27.5&#8243; _module_preset=&#8221;default&#8221; custom_padding=&#8221;||38px|||&#8221; global_colors_info=&#8221;{}&#8221;][\/et_pb_image][\/et_pb_column][et_pb_column type=&#8221;1_2&#8243; _builder_version=&#8221;4.27.6&#8243; _module_preset=&#8221;default&#8221; global_colors_info=&#8221;{}&#8221;][et_pb_text _builder_version=&#8221;4.27.6&#8243; _module_preset=&#8221;default&#8221; custom_padding=&#8221;||58px|||&#8221; global_colors_info=&#8221;{}&#8221;]<\/p>\n<p>En unik tastingmeny hos Pavis. Deras k\u00f6kschef Jari har noggrant komponerat en samkupplevelse. Menyn kostar 59\u20ac per person. F\u00f6r att \u00f6fta samkerna till sin fulla potential rekommenderar de \u00e4ven vinpaket (39\u20ac per person).\u00a0 Boka bord nu!<\/p>\n<p>[\/et_pb_text][et_pb_text _builder_version=&#8221;4.27.6&#8243; _module_preset=&#8221;default&#8221; min_height=&#8221;194.2px&#8221; custom_padding=&#8221;50px||||false|false&#8221; hover_enabled=&#8221;0&#8243; global_colors_info=&#8221;{}&#8221; sticky_enabled=&#8221;0&#8243;]<\/p>\n<p>Fotoelite:<\/p>\n<p><strong>Digitalbilder Digikuvat 10&#215;15 cm<\/strong><\/p>\n<p><strong>0,20 cent st\/kpl<\/strong><strong><br \/><\/strong><strong>minimi 20 st\/kpl<\/strong><\/p>\n<p>[\/et_pb_text][et_pb_text _builder_version=&#8221;4.27.6&#8243; _module_preset=&#8221;default&#8221; min_height=&#8221;198.2px&#8221; custom_padding=&#8221;||104px|||&#8221; hover_enabled=&#8221;0&#8243; global_colors_info=&#8221;{}&#8221; custom_margin=&#8221;86px|||||&#8221; sticky_enabled=&#8221;0&#8243;]<\/p>\n<p>Skorpan bjuder 5 kanelbullar f\u00f6r 11\u20ac (normalpri 2,70\/bulle).<\/p>\n<p>[\/et_pb_text][et_pb_text _builder_version=&#8221;4.27.6&#8243; _module_preset=&#8221;default&#8221; custom_margin=&#8221;||237px|||&#8221; hover_enabled=&#8221;0&#8243; global_colors_info=&#8221;{}&#8221; sticky_enabled=&#8221;0&#8243;]<\/p>\n<p>Korv G\u00f6rans har Chicken Kebab Meal 10\u20ac<\/p>\n<p>[\/et_pb_text][et_pb_text _builder_version=&#8221;4.27.6&#8243; _module_preset=&#8221;default&#8221; min_height=&#8221;3.8px&#8221; custom_margin=&#8221;214px||223px|||&#8221; hover_enabled=&#8221;0&#8243; global_colors_info=&#8221;{}&#8221; sticky_enabled=&#8221;0&#8243;]<\/p>\n<p>Lindex har f\u00f6r medlemmar -20% p\u00e5 jeans och byxor.<\/p>\n<p>[\/et_pb_text][et_pb_text _builder_version=&#8221;4.27.6&#8243; _module_preset=&#8221;default&#8221; min_height=&#8221;53.4px&#8221; custom_margin=&#8221;246px||236px|||&#8221; custom_padding=&#8221;0px|||||&#8221; hover_enabled=&#8221;0&#8243; global_colors_info=&#8221;{}&#8221; sticky_enabled=&#8221;0&#8243;]<\/p>\n<p>Apotek Esplanad:<\/p>\n<p>ACO-produkter -20%<\/p>\n<p>Cerave-produkter -15%<\/p>\n<p>Lotterier och provsmakningar<\/p>\n<p>[\/et_pb_text][et_pb_text _builder_version=&#8221;4.27.6&#8243; _module_preset=&#8221;default&#8221; min_height=&#8221;137.4px&#8221; custom_margin=&#8221;-131px||65px|||&#8221; custom_padding=&#8221;0px|||||&#8221; hover_enabled=&#8221;0&#8243; global_colors_info=&#8221;{}&#8221; sticky_enabled=&#8221;0&#8243;]<\/p>\n<p><img loading=\"lazy\" decoding=\"async\" src=\"https:\/\/citygruppen.fi\/wp-content\/uploads\/2026\/04\/17243-002-200x300.png\" width=\"200\" height=\"300\" alt=\"\" class=\"wp-image-2679 alignnone size-medium\" \/><\/p>\n<p>[\/et_pb_text][et_pb_text _builder_version=&#8221;4.27.6&#8243; _module_preset=&#8221;default&#8221; min_height=&#8221;28.6px&#8221; custom_margin=&#8221;132px||222px|||&#8221; custom_padding=&#8221;19px||0px|||&#8221; hover_enabled=&#8221;0&#8243; global_colors_info=&#8221;{}&#8221; sticky_enabled=&#8221;0&#8243;]<\/p>\n<p>Handla hos Cosmetique 3 st valfria produkter (minimik\u00f6p 40\u20ac) och f\u00e5 5st gratis travel size k-beuty produkter med dig hem.<\/p>\n<p>[\/et_pb_text][et_pb_text _builder_version=&#8221;4.27.6&#8243; _module_preset=&#8221;default&#8221; min_height=&#8221;14.4px&#8221; custom_margin=&#8221;194px||236px|||&#8221; custom_padding=&#8221;0px|||||&#8221; hover_enabled=&#8221;0&#8243; global_colors_info=&#8221;{}&#8221; sticky_enabled=&#8221;0&#8243;]<\/p>\n<p>Cambridge Jakobstad:<\/p>\n<p>Tasterpack 10 \u20ac \/ 5 ps<\/p>\n<p>Kortprogram\u00a0 -25%<\/p>\n<p>Lotteri<\/p>\n<p>[\/et_pb_text][et_pb_text _builder_version=&#8221;4.27.6&#8243; _module_preset=&#8221;default&#8221; min_height=&#8221;6.8px&#8221; custom_margin=&#8221;132px||236px|||&#8221; custom_padding=&#8221;0px|||||&#8221; hover_enabled=&#8221;0&#8243; global_colors_info=&#8221;{}&#8221; sticky_enabled=&#8221;0&#8243;]<\/p>\n<p>H\u00f6torg Center s\u00e4ljer munkkar och hemlagat lakrits.<\/p>\n<p>[\/et_pb_text][et_pb_text _builder_version=&#8221;4.27.6&#8243; _module_preset=&#8221;default&#8221; min_height=&#8221;28.4px&#8221; custom_margin=&#8221;132px||236px|||&#8221; custom_padding=&#8221;0px|||||&#8221; hover_enabled=&#8221;0&#8243; global_colors_info=&#8221;{}&#8221; sticky_enabled=&#8221;0&#8243;]<\/p>\n<p>Textilshoppen har -20% p\u00e5 alla Spiras produkter<\/p>\n<p>[\/et_pb_text][et_pb_text _builder_version=&#8221;4.27.6&#8243; _module_preset=&#8221;default&#8221; min_height=&#8221;110.2px&#8221; custom_margin=&#8221;-109px||236px|||&#8221; custom_padding=&#8221;0px|||||&#8221; hover_enabled=&#8221;0&#8243; global_colors_info=&#8221;{}&#8221; sticky_enabled=&#8221;0&#8243;]<\/p>\n<p>Widetoes har erbjudande: <a href=\"https:\/\/www.widetoes.com\/fi\/product\/el-naturalista-arizona-nomada-n5262-chelsea-unisex\/36511\">El Naturalista Arizona Nomada Chelsea<\/a> &#8211; Unisex nedsatt till 100 euro i alla f\u00e4rger!<\/p>\n<p>&nbsp;<\/p>\n<p>&nbsp;<\/p>\n<p>[\/et_pb_text][et_pb_text _builder_version=&#8221;4.27.6&#8243; _module_preset=&#8221;default&#8221; min_height=&#8221;90.4px&#8221; custom_margin=&#8221;-109px||236px|||&#8221; custom_padding=&#8221;0px|||||&#8221; hover_enabled=&#8221;0&#8243; global_colors_info=&#8221;{}&#8221; sticky_enabled=&#8221;0&#8243;]<\/p>\n<p>Marks &amp; Iris har all inredning och presenter (ej Ann B\u00e4ck) &#8211; 20%<\/p>\n<p>&nbsp;<\/p>\n<p>[\/et_pb_text][et_pb_text _builder_version=&#8221;4.27.6&#8243; _module_preset=&#8221;default&#8221; min_height=&#8221;90.4px&#8221; custom_margin=&#8221;-109px||236px|||&#8221; custom_padding=&#8221;0px|||||&#8221; hover_enabled=&#8221;0&#8243; global_colors_info=&#8221;{}&#8221; sticky_enabled=&#8221;0&#8243;]<\/p>\n<p>Kappahl har -20% rabatt f\u00f6r nya medlemmar.<\/p>\n<p>&nbsp;<\/p>\n<p>[\/et_pb_text][\/et_pb_column][\/et_pb_row][et_pb_row column_structure=&#8221;2_5,3_5&#8243; _builder_version=&#8221;4.25.1&#8243; _module_preset=&#8221;default&#8221; custom_padding=&#8221;||0px|||&#8221; locked=&#8221;off&#8221; global_colors_info=&#8221;{}&#8221;][et_pb_column type=&#8221;2_5&#8243; _builder_version=&#8221;4.25.1&#8243; _module_preset=&#8221;default&#8221; global_colors_info=&#8221;{}&#8221;][et_pb_image src=&#8221;https:\/\/citygruppen.fi\/wp-content\/uploads\/2023\/10\/bros-logo.jpg&#8221; title_text=&#8221;bros logo&#8221; _builder_version=&#8221;4.27.5&#8243; _module_preset=&#8221;default&#8221; width=&#8221;100%&#8221; max_width=&#8221;100%&#8221; module_alignment=&#8221;center&#8221; min_height=&#8221;105px&#8221; height=&#8221;250px&#8221; max_height=&#8221;575px&#8221; custom_padding=&#8221;||0px|||&#8221; global_colors_info=&#8221;{}&#8221;][\/et_pb_image][et_pb_image src=&#8221;https:\/\/citygruppen.fi\/wp-content\/uploads\/2024\/10\/Brodhornet-logo-RGB.webp&#8221; title_text=&#8221;Br\u00f6dh\u00f6rnet-logo-RGB&#8221; _builder_version=&#8221;4.27.6&#8243; _module_preset=&#8221;default&#8221; width=&#8221;100%&#8221; max_width=&#8221;100%&#8221; module_alignment=&#8221;center&#8221; min_height=&#8221;332px&#8221; height=&#8221;100px&#8221; max_height=&#8221;575px&#8221; custom_padding=&#8221;||0px|||&#8221; global_colors_info=&#8221;{}&#8221;][\/et_pb_image][et_pb_button button_text=&#8221;PROGRAM UPPDATERAS&#8221; _builder_version=&#8221;4.25.2&#8243; _module_preset=&#8221;03263a2f-72da-4ea2-b876-7bc918578d34&#8243; locked=&#8221;off&#8221; global_colors_info=&#8221;{}&#8221;][\/et_pb_button][\/et_pb_column][et_pb_column type=&#8221;3_5&#8243; _builder_version=&#8221;4.25.1&#8243; _module_preset=&#8221;default&#8221; global_colors_info=&#8221;{}&#8221;][\/et_pb_column][\/et_pb_row][et_pb_row _builder_version=&#8221;4.25.2&#8243; _module_preset=&#8221;default&#8221; custom_margin=&#8221;|auto|62px|auto||&#8221; global_colors_info=&#8221;{}&#8221;][et_pb_column type=&#8221;4_4&#8243; _builder_version=&#8221;4.25.2&#8243; _module_preset=&#8221;default&#8221; global_colors_info=&#8221;{}&#8221;][et_pb_text _builder_version=&#8221;4.27.0&#8243; _module_preset=&#8221;default&#8221; global_colors_info=&#8221;{}&#8221;]<\/p>\n<p>Vi f\u00f6rbeh\u00e5ller oss r\u00e4tten att \u00e4ndra programmet.<\/p>\n<p>[\/et_pb_text][\/et_pb_column][\/et_pb_row][\/et_pb_section][et_pb_section fb_built=&#8221;1&#8243; admin_label=&#8221;Footer&#8221; _builder_version=&#8221;4.25.1&#8243; _module_preset=&#8221;default&#8221; background_color=&#8221;gcid-9d5d11f9-d654-432d-8206-34ad20a6d54e&#8221; background_image=&#8221;https:\/\/citygruppen.fi\/wp-content\/uploads\/2024\/06\/conference-event-15.png&#8221; background_blend=&#8221;overlay&#8221; box_shadow_style=&#8221;preset7&#8243; box_shadow_horizontal=&#8221;0px&#8221; box_shadow_vertical=&#8221;200px&#8221; box_shadow_color=&#8221;#FFFFFF&#8221; saved_tabs=&#8221;all&#8221; collapsed=&#8221;on&#8221; global_colors_info=&#8221;{%22gcid-9d5d11f9-d654-432d-8206-34ad20a6d54e%22:%91%22background_color%22,%22background_color_gradient_stops%22%93,%22gcid-5f63220e-8342-4427-89fa-de1da73c3340%22:%91%22background_color_gradient_stops%22%93}&#8221;][et_pb_row _builder_version=&#8221;4.25.1&#8243; _module_preset=&#8221;default&#8221; global_colors_info=&#8221;{}&#8221;][et_pb_column type=&#8221;4_4&#8243; _builder_version=&#8221;4.25.1&#8243; _module_preset=&#8221;default&#8221; global_colors_info=&#8221;{}&#8221;][et_pb_text _builder_version=&#8221;4.25.1&#8243; _dynamic_attributes=&#8221;content&#8221; _module_preset=&#8221;8fb11aa4-fe77-4eaa-9dad-471935831d60&#8243; global_colors_info=&#8221;{}&#8221;]@ET-DC@eyJkeW5hbWljIjp0cnVlLCJjb250ZW50IjoiY3VycmVudF9kYXRlIiwic2V0dGluZ3MiOnsiYmVmb3JlIjoiQ29weXJpZ2h0ICZjb3B5OyAiLCJhZnRlciI6IiBEaXZpLiBBbGwgUmlnaHRzIFJlc2VydmVkLiIsImRhdGVfZm9ybWF0IjoiY3VzdG9tIiwiY3VzdG9tX2RhdGVfZm9ybWF0IjoiWSJ9fQ==@[\/et_pb_text][\/et_pb_column][\/et_pb_row][\/et_pb_section]<\/p>\n","protected":false},"excerpt":{"rendered":"<p>\u00c4R DU REDO ATT SK\u00c4MMA BORT DIG SJ\u00c4LV? V\u00e4lkommen till Jakobstad centrum f\u00f6r att ta del av specialerbjudanden hos v\u00e5ra medlemsf\u00f6retag. Evenemanget ger dig en paus fr\u00e5n vardagen, s\u00e5 att du kan njuta av vad v\u00e5ra medlemmar har att erbjuda. &nbsp; Programmet uppdateras h\u00e4r. Medlemmarnas butiksspecifika erbjudanden och aktiviteter kommer att finnas tillg\u00e4ngliga n\u00e4rmare. Fiika [&hellip;]<\/p>\n","protected":false},"author":4,"featured_media":0,"parent":0,"menu_order":0,"comment_status":"closed","ping_status":"closed","template":"","meta":{"_et_pb_use_builder":"on","_et_pb_old_content":"","_et_gb_content_width":"","footnotes":""},"class_list":["post-1621","page","type-page","status-publish","hentry"],"_links":{"self":[{"href":"https:\/\/citygruppen.fi\/fi\/wp-json\/wp\/v2\/pages\/1621","targetHints":{"allow":["GET"]}}],"collection":[{"href":"https:\/\/citygruppen.fi\/fi\/wp-json\/wp\/v2\/pages"}],"about":[{"href":"https:\/\/citygruppen.fi\/fi\/wp-json\/wp\/v2\/types\/page"}],"author":[{"embeddable":true,"href":"https:\/\/citygruppen.fi\/fi\/wp-json\/wp\/v2\/users\/4"}],"replies":[{"embeddable":true,"href":"https:\/\/citygruppen.fi\/fi\/wp-json\/wp\/v2\/comments?post=1621"}],"version-history":[{"count":37,"href":"https:\/\/citygruppen.fi\/fi\/wp-json\/wp\/v2\/pages\/1621\/revisions"}],"predecessor-version":[{"id":2684,"href":"https:\/\/citygruppen.fi\/fi\/wp-json\/wp\/v2\/pages\/1621\/revisions\/2684"}],"wp:attachment":[{"href":"https:\/\/citygruppen.fi\/fi\/wp-json\/wp\/v2\/media?parent=1621"}],"curies":[{"name":"wp","href":"https:\/\/api.w.org\/{rel}","templated":true}]}}