{"id":2046,"date":"2025-06-04T07:51:44","date_gmt":"2025-06-04T07:51:44","guid":{"rendered":"https:\/\/citygruppen.fi\/?page_id=2046"},"modified":"2025-09-11T06:14:51","modified_gmt":"2025-09-11T06:14:51","slug":"2046-2","status":"publish","type":"page","link":"https:\/\/citygruppen.fi\/fi\/2046-2\/","title":{"rendered":"Keskustateko"},"content":{"rendered":"<p>[et_pb_section fb_built=&#8221;1&#8243; admin_label=&#8221;Header&#8221; _builder_version=&#8221;4.27.4&#8243; _module_preset=&#8221;default&#8221; use_background_color_gradient=&#8221;on&#8221; background_color_gradient_stops=&#8221;rgba(34,34,34,0) 0%|gcid-1f9b0bb3-481a-49f1-9fe6-999fc3c3182b 100%&#8221; background_color_gradient_overlays_image=&#8221;on&#8221; background_image=&#8221;https:\/\/citygruppen.fi\/wp-content\/uploads\/2025\/04\/gagata.png&#8221; custom_padding=&#8221;90px||90px||true|false&#8221; locked=&#8221;off&#8221; collapsed=&#8221;on&#8221; global_colors_info=&#8221;{%22gcid-1f9b0bb3-481a-49f1-9fe6-999fc3c3182b%22:%91%22background_color_gradient_stops%22%93}&#8221;][et_pb_row _builder_version=&#8221;4.20.0&#8243; _module_preset=&#8221;default&#8221; global_colors_info=&#8221;{}&#8221;][et_pb_column type=&#8221;4_4&#8243; _builder_version=&#8221;4.20.0&#8243; _module_preset=&#8221;default&#8221; global_colors_info=&#8221;{}&#8221;][et_pb_text _builder_version=&#8221;4.20.0&#8243; _module_preset=&#8221;38736632-08b8-4718-ad50-10434f260d0c&#8221; header_text_color=&#8221;#FFFFFF&#8221; text_orientation=&#8221;center&#8221; custom_margin=&#8221;||10px||false|false&#8221; global_colors_info=&#8221;{}&#8221;]<\/p>\n<h1>centrumg\u00e4rning<\/h1>\n<p>[\/et_pb_text][\/et_pb_column][\/et_pb_row][\/et_pb_section][et_pb_section fb_built=&#8221;1&#8243; admin_label=&#8221;Services&#8221; _builder_version=&#8221;4.20.0&#8243; _module_preset=&#8221;default&#8221; background_color=&#8221;RGBA(255,255,255,0)&#8221; custom_padding=&#8221;0px||||false|false&#8221; collapsed=&#8221;on&#8221; global_colors_info=&#8221;{}&#8221;][et_pb_row custom_padding_last_edited=&#8221;on|phone&#8221; _builder_version=&#8221;4.20.0&#8243; _module_preset=&#8221;default&#8221; background_color=&#8221;gcid-86da69f8-ce43-4c42-8395-4abd58818e72&#8243; custom_margin=&#8221;-60px||||false|false&#8221; custom_padding=&#8221;60px|60px|60px|60px|true|true&#8221; custom_padding_tablet=&#8221;30px|30px|30px|30px|true|true&#8221; custom_padding_phone=&#8221;20px|20px|20px|20px|true|true&#8221; global_colors_info=&#8221;{%22gcid-86da69f8-ce43-4c42-8395-4abd58818e72%22:%91%22background_color%22%93}&#8221;][et_pb_column type=&#8221;4_4&#8243; _builder_version=&#8221;4.20.0&#8243; _module_preset=&#8221;default&#8221; global_colors_info=&#8221;{}&#8221;][et_pb_text _builder_version=&#8221;4.27.4&#8243; _module_preset=&#8221;0010bd0b-9b6a-450b-bd21-56e018bd8ada&#8221; hover_enabled=&#8221;0&#8243; global_colors_info=&#8221;{}&#8221; sticky_enabled=&#8221;0&#8243;]<\/p>\n<h4>Jakobstads Centrumg\u00e4rning \u00e4r en \u00e5rlig t\u00e4vling d\u00e4r inv\u00e5nare kan f\u00f6resl\u00e5 p\u00e5 saker eller initiativ som har haft en positiv inverkan p\u00e5 Jakobstads centrum. Syftet \u00e4r att lyfta fram centrumomr\u00e5dets betydelse f\u00f6r staden och att uppm\u00e4rksamma s\u00e5dant som bidrar till en mer trivsam, livskraftig och attraktiv stadsk\u00e4rna. \u00c5r 2025 var f\u00f6rsta g\u00e5ngen vi ordnade t\u00e4vlingen och deltog \u00e4ven i den nationella Keskustateko-t\u00e4vlingen med ett kandidat.\u00a0EKK utser den nationella vinnaren i slutet av augusti. H\u00e4r kan du l\u00e4sa fr\u00e5n tidigare \u00e5rs vinnare: <a href=\"https:\/\/www.kaupunkikeskustat.fi\/yhttpwww-kaupunkikeskustat-fiyhdistysjasenetjasenluettelohdistysjasenet\/keskuskustateot-vuosina-2020-2024\/\">KeskustaTEOT vuosina 2020 &#8211; 2024 &#8211; Kaupunkikeskustat<\/a><\/h4>\n<p>[\/et_pb_text][et_pb_image src=&#8221;https:\/\/citygruppen.fi\/wp-content\/uploads\/2025\/09\/keskustakuvaa-scaled.jpg&#8221; title_text=&#8221;keskustakuvaa&#8221; force_fullwidth=&#8221;on&#8221; _builder_version=&#8221;4.27.4&#8243; _module_preset=&#8221;default&#8221; height=&#8221;536px&#8221; hover_enabled=&#8221;0&#8243; global_colors_info=&#8221;{}&#8221; sticky_enabled=&#8221;0&#8243;][\/et_pb_image][et_pb_text _builder_version=&#8221;4.27.4&#8243; _module_preset=&#8221;0010bd0b-9b6a-450b-bd21-56e018bd8ada&#8221; custom_margin=&#8221;||0px||false|false&#8221; global_colors_info=&#8221;{}&#8221;]<\/p>\n<h4><strong>Vad \u00e4r Jakobstads Centrumg\u00e4rning (Keskustateko)?<\/strong><\/h4>\n<p>[\/et_pb_text][et_pb_text _builder_version=&#8221;4.27.4&#8243; _module_preset=&#8221;75bae316-3b68-4d13-ac64-c12ae3b896f2&#8243; global_colors_info=&#8221;{}&#8221;]<\/p>\n<p>En centrumg\u00e4rning kan vara n\u00e4stan vad som helst \u2013 huvudsaken \u00e4r att den p\u00e5verkar centrumet p\u00e5 ett positivt s\u00e4tt. Det kan handla om till exempel ett lyckat evenemang, ett vackert konstverk, en trivsam butikslokal, en gemenskapsfr\u00e4mjande insats eller en v\u00e4lplanerad infrastrukturl\u00f6sning. F\u00f6retag, kulturakt\u00f6rer och andra som g\u00f6r centrum levande kan ocks\u00e5 vara kandidater till priset.<\/p>\n<p>Vinnaren i den lokala t\u00e4vlingen nomineras \u00e4ven till det nationella priset som delas ut av f\u00f6reningen El\u00e4v\u00e4t Kaupunkikeskustat ry.<\/p>\n<p>[\/et_pb_text][et_pb_text _builder_version=&#8221;4.27.4&#8243; _module_preset=&#8221;75bae316-3b68-4d13-ac64-c12ae3b896f2&#8243; hover_enabled=&#8221;0&#8243; global_colors_info=&#8221;{}&#8221; sticky_enabled=&#8221;0&#8243;][\/et_pb_text][\/et_pb_column][\/et_pb_row][et_pb_row _builder_version=&#8221;4.27.4&#8243; _module_preset=&#8221;default&#8221; column_structure=&#8221;2_5,3_5&#8243;][et_pb_column _builder_version=&#8221;4.27.4&#8243; _module_preset=&#8221;default&#8221; type=&#8221;2_5&#8243;][et_pb_image src=&#8221;https:\/\/citygruppen.fi\/wp-content\/uploads\/2025\/09\/Screenshot_20250901_132725326.jpg&#8221; _builder_version=&#8221;4.27.4&#8243; _module_preset=&#8221;default&#8221; title_text=&#8221;Screenshot_20250901_132725326&#8243; hover_enabled=&#8221;0&#8243; sticky_enabled=&#8221;0&#8243; custom_margin=&#8221;||-28px|||&#8221; width=&#8221;74%&#8221; min_height=&#8221;280px&#8221; height=&#8221;483px&#8221;][\/et_pb_image][\/et_pb_column][et_pb_column _builder_version=&#8221;4.27.4&#8243; _module_preset=&#8221;default&#8221; type=&#8221;3_5&#8243;][et_pb_text _builder_version=&#8221;4.27.4&#8243; _module_preset=&#8221;0010bd0b-9b6a-450b-bd21-56e018bd8ada&#8221; custom_margin=&#8221;||0px||false|false&#8221; hover_enabled=&#8221;0&#8243; global_colors_info=&#8221;{}&#8221; sticky_enabled=&#8221;0&#8243;]<\/p>\n<h4>2025 Vinnare &#8211; Project Liv Arena<\/h4>\n<p>[\/et_pb_text][et_pb_text _builder_version=&#8221;4.27.4&#8243; _module_preset=&#8221;default&#8221; hover_enabled=&#8221;0&#8243; sticky_enabled=&#8221;0&#8243;]<\/p>\n<p>Det viktigaste var att \u00e5tg\u00e4rden hade en positiv inverkan p\u00e5 livet i stadsk\u00e4rnan. Urvalet av de inkomna f\u00f6rslagen gjordes av en expertjury p\u00e5 fem personer, som bestod av representanter fr\u00e5n olika omr\u00e5den. Priset f\u00f6r Stadsg\u00e4rning 2025 gick till Projekt Liv Arena som enligt juryn:<\/p>\n<p>&#8221;F\u00e5r fler m\u00e4nniskor till stadsk\u00e4rnan och livar upp v\u00e5rt kulturliv p\u00e5 ett betydande s\u00e4tt, f\u00f6r m\u00e4nniskor samman och \u00e4r en betydande investering i en s\u00e5 liten stad.&#8221;<\/p>\n<p>Juryn vill ocks\u00e5 ge ett s\u00e4rskilt omn\u00e4mnande till tv\u00e5 andra g\u00e4rningar som har livat upp stadsk\u00e4rnan:<\/p>\n<ul>\n<li>Fiikas nya renovering av uteservering, som ger trivsel och liv \u00e5t gatubilden i centrum och<\/li>\n<li>Centrums g\u00e5rdsgatan, det vill s\u00e4ga att till\u00e5ta dubbelriktad trafik p\u00e5 R\u00e5dhusgatan.<\/li>\n<\/ul>\n<p>B\u00e5da f\u00f6rslagen fick inv\u00e5narnas r\u00f6ster och kommer enligt juryn att f\u00f6rb\u00e4ttra trivseln i staden.<\/p>\n<p>Gratulera! Nu h\u00e5ller vi tummarna f\u00f6r v\u00e5r vinnare i EKK:s nationella Centrumg\u00e4rning-t\u00e4vling!<\/p>\n<p>[\/et_pb_text][\/et_pb_column][\/et_pb_row][\/et_pb_section]<\/p>\n","protected":false},"excerpt":{"rendered":"<p>centrumg\u00e4rningJakobstads Centrumg\u00e4rning \u00e4r en \u00e5rlig t\u00e4vling d\u00e4r inv\u00e5nare kan f\u00f6resl\u00e5 p\u00e5 saker eller initiativ som har haft en positiv inverkan p\u00e5 Jakobstads centrum. Syftet \u00e4r att lyfta fram centrumomr\u00e5dets betydelse f\u00f6r staden och att uppm\u00e4rksamma s\u00e5dant som bidrar till en mer trivsam, livskraftig och attraktiv stadsk\u00e4rna. \u00c5r 2025 var f\u00f6rsta g\u00e5ngen vi ordnade t\u00e4vlingen och [&hellip;]<\/p>\n","protected":false},"author":4,"featured_media":0,"parent":0,"menu_order":0,"comment_status":"closed","ping_status":"closed","template":"","meta":{"_et_pb_use_builder":"on","_et_pb_old_content":"","_et_gb_content_width":"","footnotes":""},"class_list":["post-2046","page","type-page","status-publish","hentry"],"_links":{"self":[{"href":"https:\/\/citygruppen.fi\/fi\/wp-json\/wp\/v2\/pages\/2046","targetHints":{"allow":["GET"]}}],"collection":[{"href":"https:\/\/citygruppen.fi\/fi\/wp-json\/wp\/v2\/pages"}],"about":[{"href":"https:\/\/citygruppen.fi\/fi\/wp-json\/wp\/v2\/types\/page"}],"author":[{"embeddable":true,"href":"https:\/\/citygruppen.fi\/fi\/wp-json\/wp\/v2\/users\/4"}],"replies":[{"embeddable":true,"href":"https:\/\/citygruppen.fi\/fi\/wp-json\/wp\/v2\/comments?post=2046"}],"version-history":[{"count":9,"href":"https:\/\/citygruppen.fi\/fi\/wp-json\/wp\/v2\/pages\/2046\/revisions"}],"predecessor-version":[{"id":2369,"href":"https:\/\/citygruppen.fi\/fi\/wp-json\/wp\/v2\/pages\/2046\/revisions\/2369"}],"wp:attachment":[{"href":"https:\/\/citygruppen.fi\/fi\/wp-json\/wp\/v2\/media?parent=2046"}],"curies":[{"name":"wp","href":"https:\/\/api.w.org\/{rel}","templated":true}]}}