{"id":433,"date":"2023-11-09T13:01:59","date_gmt":"2023-11-09T13:01:59","guid":{"rendered":"https:\/\/citygruppen.fi\/?page_id=433"},"modified":"2025-12-09T11:52:10","modified_gmt":"2025-12-09T11:52:10","slug":"juloppning","status":"publish","type":"page","link":"https:\/\/citygruppen.fi\/fi\/evenemang\/juloppning\/","title":{"rendered":"Joulunavaus"},"content":{"rendered":"<p>[et_pb_section fb_built=&#8221;1&#8243; admin_label=&#8221;Header&#8221; _builder_version=&#8221;4.27.4&#8243; _module_preset=&#8221;default&#8221; background_color=&#8221;#ffffff&#8221; background_enable_image=&#8221;off&#8221; background_size=&#8221;initial&#8221; background_position=&#8221;bottom_center&#8221; custom_padding=&#8221;0px||||false|false&#8221; filter_brightness=&#8221;84%&#8221; collapsed=&#8221;on&#8221; global_colors_info=&#8221;{}&#8221;][et_pb_row _builder_version=&#8221;4.27.2&#8243; _module_preset=&#8221;default&#8221; global_colors_info=&#8221;{}&#8221;][et_pb_column type=&#8221;4_4&#8243; _builder_version=&#8221;4.27.2&#8243; _module_preset=&#8221;default&#8221; global_colors_info=&#8221;{}&#8221;][et_pb_image src=&#8221;https:\/\/citygruppen.fi\/wp-content\/uploads\/2025\/09\/Untitled-1500-x-300-px-Website.png&#8221; title_text=&#8221;Untitled (1500 x 300 px) (Website)&#8221; _builder_version=&#8221;4.27.4&#8243; _module_preset=&#8221;default&#8221; global_colors_info=&#8221;{}&#8221;][\/et_pb_image][\/et_pb_column][\/et_pb_row][\/et_pb_section][et_pb_section fb_built=&#8221;1&#8243; admin_label=&#8221;Header&#8221; _builder_version=&#8221;4.23.1&#8243; _module_preset=&#8221;default&#8221; background_color=&#8221;#060717&#8243; background_enable_image=&#8221;off&#8221; background_size=&#8221;initial&#8221; background_position=&#8221;bottom_center&#8221; custom_padding=&#8221;2px||0px||false|false&#8221; collapsed=&#8221;on&#8221; global_colors_info=&#8221;{}&#8221;][et_pb_row _builder_version=&#8221;4.23.1&#8243; _module_preset=&#8221;default&#8221; background_enable_image=&#8221;off&#8221; custom_padding=&#8221;||||false|false&#8221; global_colors_info=&#8221;{}&#8221;][et_pb_column type=&#8221;4_4&#8243; _builder_version=&#8221;4.17.0&#8243; _module_preset=&#8221;default&#8221; global_colors_info=&#8221;{}&#8221;][et_pb_text _builder_version=&#8221;4.27.2&#8243; _module_preset=&#8221;c16985e1-e0d6-4022-964d-e2bfc04fa633&#8243; text_text_color=&#8221;#7CDA24&#8243; text_line_height=&#8221;1.3em&#8221; header_font=&#8221;Sarabun|800|||||||&#8221; header_text_color=&#8221;#FFFFFF&#8221; header_font_size=&#8221;66px&#8221; header_line_height=&#8221;1.2em&#8221; custom_margin=&#8221;||-2px||false|false&#8221; custom_margin_tablet=&#8221;||||false|false&#8221; custom_margin_phone=&#8221;&#8221; custom_margin_last_edited=&#8221;on|phone&#8221; custom_padding=&#8221;0px|||||&#8221; header_font_size_tablet=&#8221;40px&#8221; header_font_size_phone=&#8221;24px&#8221; header_font_size_last_edited=&#8221;on|phone&#8221; header_text_shadow_style=&#8221;preset3&#8243; locked=&#8221;off&#8221; inline_fonts=&#8221;Oregano,Montserrat&#8221; global_colors_info=&#8221;{}&#8221;]<\/p>\n<h1 style=\"text-align: center;\"><span style=\"font-family: Montserrat; font-size: xx-large;\">Jul\u00f6ppningen p\u00e5 Jakobstads torget p\u00e5 onsdag kv\u00e4ll &#8211; marknad, musik, den alltid lika v\u00e4ntade jultomten och julshopping!<\/span><\/h1>\n<p>[\/et_pb_text][\/et_pb_column][\/et_pb_row][\/et_pb_section][et_pb_section fb_built=&#8221;1&#8243; admin_label=&#8221;Person&#8221; _builder_version=&#8221;4.23.1&#8243; _module_preset=&#8221;default&#8221; background_color=&#8221;#060717&#8243; min_height=&#8221;549.3px&#8221; locked=&#8221;off&#8221; collapsed=&#8221;on&#8221; global_colors_info=&#8221;{}&#8221;][et_pb_row _builder_version=&#8221;4.23.1&#8243; _module_preset=&#8221;default&#8221; global_colors_info=&#8221;{}&#8221;][et_pb_column type=&#8221;4_4&#8243; _builder_version=&#8221;4.23.1&#8243; _module_preset=&#8221;default&#8221; global_colors_info=&#8221;{}&#8221;][et_pb_text _builder_version=&#8221;4.27.4&#8243; _module_preset=&#8221;default&#8221; header_font=&#8221;|700|||||||&#8221; header_text_color=&#8221;#FFFFFF&#8221; global_colors_info=&#8221;{}&#8221;]<\/p>\n<h1>Program<\/h1>\n<p>Programmet uppdateras \u00e4nnu.<\/p>\n<p>[\/et_pb_text][\/et_pb_column][\/et_pb_row][et_pb_row column_structure=&#8221;1_3,1_3,1_3&#8243; _builder_version=&#8221;4.23.1&#8243; _module_preset=&#8221;default&#8221; custom_padding=&#8221;||23px|||&#8221; global_colors_info=&#8221;{}&#8221;][et_pb_column type=&#8221;1_3&#8243; _builder_version=&#8221;4.23.1&#8243; _module_preset=&#8221;default&#8221; global_colors_info=&#8221;{}&#8221;][et_pb_text _builder_version=&#8221;4.27.4&#8243; _module_preset=&#8221;default&#8221; text_text_color=&#8221;#FFFFFF&#8221; background_layout=&#8221;dark&#8221; global_colors_info=&#8221;{}&#8221;]<\/p>\n<h3>Kl. 15.00-19.00<br \/>Julmarknad p\u00e5 torget<\/h3>\n<p>&nbsp;<\/p>\n<h3 data-start=\"220\" data-end=\"274\"><strong data-start=\"220\" data-end=\"233\">Kl. 17.15<\/strong><br data-start=\"233\" data-end=\"236\" \/><strong data-start=\"236\" data-end=\"251\">\u00d6ppningstal<\/strong> \u2013 Ebba Brahe<br \/>Vi t\u00e4nder julgransljusen och <strong data-start=\"191\" data-end=\"215\">tro, hopp och k\u00e4rlek<\/strong>.<\/h3>\n<p>&nbsp;<\/p>\n<h3 data-start=\"327\" data-end=\"404\"><strong data-start=\"327\" data-end=\"340\">Kl. 17.30<\/strong><br data-start=\"340\" data-end=\"343\" \/><strong data-start=\"343\" data-end=\"366\">Juls\u00e5nger av k\u00f6ren MI VOCE<\/strong><br \/>\u2013 under ledning av Matilda Svenfelt med pianist Hanna L\u00e5ng.<\/h3>\n<p>&nbsp;<\/p>\n<h3>Kl. 17.30 &#8211; 18.30<br \/>Julgubben g\u00e5r omkring och delar godis.<\/h3>\n<p>&nbsp;<\/p>\n<h2><strong>ANDRA PROGRAM:<\/strong><\/h2>\n<h4><strong>Kl. 17.00 &#8211; 19.00<\/strong><br \/>T\u00e4vling om b\u00e4sta julf\u00f6nstret. Vi delar kartor p\u00e5 plats.<\/h4>\n<p>&nbsp;<\/p>\n<h3 data-start=\"1125\" data-end=\"1141\">\ud83c\udfad Samtidigt &#8211; <span class=\"a_GcMg font-feature-liga-off font-feature-clig-off font-feature-calt-off text-decoration-none text-strikethrough-none\">&#8221;Eldens r\u00f6st&#8221; av Programmet i scenkonstpedagogik vid Yrkesh\u00f6gskolan Novia. Begr\u00e4nsat antal platser.<\/span><span class=\"a_GcMg font-feature-liga-off font-feature-clig-off font-feature-calt-off text-decoration-none text-strikethrough-none white-space-prewrap\"> <\/span><\/h3>\n<p>[\/et_pb_text][\/et_pb_column][et_pb_column type=&#8221;1_3&#8243; _builder_version=&#8221;4.27.4&#8243; _module_preset=&#8221;default&#8221; global_colors_info=&#8221;{}&#8221;][et_pb_text _builder_version=&#8221;4.27.4&#8243; _module_preset=&#8221;default&#8221; text_text_color=&#8221;#FFFFFF&#8221; background_layout=&#8221;dark&#8221; custom_padding=&#8221;||0px|||&#8221; global_colors_info=&#8221;{}&#8221;]<\/p>\n<h3><img loading=\"lazy\" decoding=\"async\" src=\"https:\/\/citygruppen.fi\/wp-content\/uploads\/2025\/11\/DSC06384-300x200.jpg\" width=\"300\" height=\"200\" alt=\"\" class=\"wp-image-2482 alignnone size-medium\" \/><\/h3>\n<h3><strong>Kl. 18.00<\/strong><br \/><span style=\"font-size: 16px;\"><strong>JKG<\/strong> upptr\u00e4dande<\/span><\/h3>\n<p><span style=\"font-size: 16px;\"><\/span><\/p>\n<h3 data-start=\"406\" data-end=\"519\"><strong data-start=\"406\" data-end=\"419\">Kl. 17.45-19.00<\/strong><br data-start=\"419\" data-end=\"422\" \/><strong data-start=\"422\" data-end=\"452\">Guidning om jultraditioner med h\u00e4st och vagn<\/strong> och till fots.<\/h3>\n<p>&nbsp;<\/p>\n<h3>Kl. 15.00-19.00<br \/>Tomtepass: Bes\u00f6k Citygruppens medlemmarnas butiker och utf\u00f6r varje uppdrag. Be om st\u00e4mpel, signatur i butiken. L\u00e4mna in det ifyllda passet och delta i utlottningen.<\/h3>\n<p>[\/et_pb_text][\/et_pb_column][et_pb_column type=&#8221;1_3&#8243; _builder_version=&#8221;4.23.1&#8243; _module_preset=&#8221;default&#8221; global_colors_info=&#8221;{}&#8221;][et_pb_text _builder_version=&#8221;4.27.4&#8243; _module_preset=&#8221;default&#8221; text_text_color=&#8221;#FFFFFF&#8221; global_colors_info=&#8221;{}&#8221;][\/et_pb_text][\/et_pb_column][\/et_pb_row][et_pb_row column_structure=&#8221;1_2,1_2&#8243; _builder_version=&#8221;4.27.4&#8243; _module_preset=&#8221;default&#8221; global_colors_info=&#8221;{}&#8221;][et_pb_column type=&#8221;1_2&#8243; _builder_version=&#8221;4.27.4&#8243; _module_preset=&#8221;default&#8221; global_colors_info=&#8221;{}&#8221;][et_pb_image src=&#8221;https:\/\/citygruppen.fi\/wp-content\/uploads\/2025\/11\/kglogo-20242.webp&#8221; title_text=&#8221;kglogo-20242&#8243; _builder_version=&#8221;4.27.4&#8243; _module_preset=&#8221;default&#8221; max_width=&#8221;63%&#8221; min_height=&#8221;177px&#8221; height=&#8221;141px&#8221; global_colors_info=&#8221;{}&#8221;][\/et_pb_image][\/et_pb_column][et_pb_column type=&#8221;1_2&#8243; _builder_version=&#8221;4.27.4&#8243; _module_preset=&#8221;default&#8221; global_colors_info=&#8221;{}&#8221;][et_pb_text _builder_version=&#8221;4.27.4&#8243; _module_preset=&#8221;default&#8221; background_layout=&#8221;dark&#8221; global_colors_info=&#8221;{}&#8221;]<\/p>\n<h3>Ha sin egen jultomten p\u00e5 g\u00e5gatan!<\/h3>\n<p>[\/et_pb_text][\/et_pb_column][\/et_pb_row][et_pb_row column_structure=&#8221;1_2,1_2&#8243; _builder_version=&#8221;4.27.4&#8243; _module_preset=&#8221;default&#8221; global_colors_info=&#8221;{}&#8221;][et_pb_column type=&#8221;1_2&#8243; _builder_version=&#8221;4.27.4&#8243; _module_preset=&#8221;default&#8221; global_colors_info=&#8221;{}&#8221;][et_pb_image src=&#8221;https:\/\/citygruppen.fi\/wp-content\/uploads\/2025\/11\/logo-2.png&#8221; title_text=&#8221;logo (2)&#8221; _builder_version=&#8221;4.27.4&#8243; _module_preset=&#8221;default&#8221; global_colors_info=&#8221;{}&#8221;][\/et_pb_image][\/et_pb_column][et_pb_column type=&#8221;1_2&#8243; _builder_version=&#8221;4.27.4&#8243; _module_preset=&#8221;default&#8221; global_colors_info=&#8221;{}&#8221;][et_pb_text _builder_version=&#8221;4.27.4&#8243; _module_preset=&#8221;default&#8221; background_layout=&#8221;dark&#8221; global_colors_info=&#8221;{}&#8221;]<\/p>\n<h3>Under jul\u00f6ppningen \u00e4r Jakobstads kyrka \u00f6ppen mellan kl 17-20. Stilla musik spelas i ca 15 minuter kl 17 och kl 18.<\/h3>\n<h3>Vi bjuder p\u00e5 gl\u00f6gg och alla barn kan g\u00e5 p\u00e5 skattjakt inne i kyrkan.<\/h3>\n<p>[\/et_pb_text][\/et_pb_column][\/et_pb_row][et_pb_row column_structure=&#8221;1_2,1_2&#8243; _builder_version=&#8221;4.27.4&#8243; _module_preset=&#8221;default&#8221; global_colors_info=&#8221;{}&#8221;][et_pb_column type=&#8221;1_2&#8243; _builder_version=&#8221;4.27.4&#8243; _module_preset=&#8221;default&#8221; global_colors_info=&#8221;{}&#8221;][et_pb_image src=&#8221;https:\/\/citygruppen.fi\/wp-content\/uploads\/2025\/03\/marksiris_ot_webb.png&#8221; title_text=&#8221;marks&#038;iris_ot_webb&#8221; _builder_version=&#8221;4.27.4&#8243; _module_preset=&#8221;default&#8221; width=&#8221;61%&#8221; global_colors_info=&#8221;{}&#8221;][\/et_pb_image][\/et_pb_column][et_pb_column type=&#8221;1_2&#8243; _builder_version=&#8221;4.27.4&#8243; _module_preset=&#8221;default&#8221; global_colors_info=&#8221;{}&#8221;][et_pb_text _builder_version=&#8221;4.27.4&#8243; _module_preset=&#8221;default&#8221; background_layout=&#8221;dark&#8221; global_colors_info=&#8221;{}&#8221;]<\/p>\n<h3>Butiken \u00e4r \u00f6ppen 10-19.00, bjuds p\u00e5 peppakakor och gl\u00f6gg och annat sp\u00e4nnande.<\/h3>\n<p>[\/et_pb_text][\/et_pb_column][\/et_pb_row][et_pb_row column_structure=&#8221;1_2,1_2&#8243; _builder_version=&#8221;4.27.4&#8243; _module_preset=&#8221;default&#8221; global_colors_info=&#8221;{}&#8221;][et_pb_column type=&#8221;1_2&#8243; _builder_version=&#8221;4.27.4&#8243; _module_preset=&#8221;default&#8221; global_colors_info=&#8221;{}&#8221;][et_pb_image src=&#8221;https:\/\/citygruppen.fi\/wp-content\/uploads\/2025\/11\/lr_5e29c3d76d23elunchlogo_164_big.jpeg&#8221; title_text=&#8221;lr_5e29c3d76d23elunchlogo_164_big&#8221; _builder_version=&#8221;4.27.4&#8243; _module_preset=&#8221;default&#8221; width=&#8221;61%&#8221; global_colors_info=&#8221;{}&#8221;][\/et_pb_image][\/et_pb_column][et_pb_column type=&#8221;1_2&#8243; _builder_version=&#8221;4.27.4&#8243; _module_preset=&#8221;default&#8221; global_colors_info=&#8221;{}&#8221;][et_pb_text _builder_version=&#8221;4.27.4&#8243; _module_preset=&#8221;default&#8221; background_layout=&#8221;dark&#8221; global_colors_info=&#8221;{}&#8221;]<\/p>\n<h3>Julmusiken tar \u00f6ver Fiika. Liveupptr\u00e4dande kl. 18.00\u201319.30 med Isabella Str\u00f6m-Kaipio, Liselott Mickelsson och Jonna Marjam\u00e4ki.\u00a0 Ses p\u00e5 Storgatan 13!<\/h3>\n<p>[\/et_pb_text][\/et_pb_column][\/et_pb_row][et_pb_row column_structure=&#8221;1_2,1_2&#8243; _builder_version=&#8221;4.27.4&#8243; _module_preset=&#8221;default&#8221; global_colors_info=&#8221;{}&#8221;][et_pb_column type=&#8221;1_2&#8243; _builder_version=&#8221;4.27.4&#8243; _module_preset=&#8221;default&#8221; global_colors_info=&#8221;{}&#8221;][et_pb_image src=&#8221;https:\/\/citygruppen.fi\/wp-content\/uploads\/2025\/10\/OIP-1.webp&#8221; title_text=&#8221;OIP (1)&#8221; _builder_version=&#8221;4.27.4&#8243; _module_preset=&#8221;default&#8221; width=&#8221;61%&#8221; global_colors_info=&#8221;{}&#8221;][\/et_pb_image][\/et_pb_column][et_pb_column type=&#8221;1_2&#8243; _builder_version=&#8221;4.27.4&#8243; _module_preset=&#8221;default&#8221; global_colors_info=&#8221;{}&#8221;][et_pb_text _builder_version=&#8221;4.27.4&#8243; _module_preset=&#8221;default&#8221; background_layout=&#8221;dark&#8221; global_colors_info=&#8221;{}&#8221;]<\/p>\n<h3>Lilja benton vid After Eight kl.19.00. Kv\u00e4llen bjuder p\u00e5 jazz covers av bland annat artister som Amy Winehouse, Sade och Amanda Ginsburg.\u00a0<\/h3>\n<p>[\/et_pb_text][\/et_pb_column][\/et_pb_row][et_pb_row column_structure=&#8221;1_2,1_2&#8243; _builder_version=&#8221;4.27.4&#8243; _module_preset=&#8221;default&#8221; global_colors_info=&#8221;{}&#8221;][et_pb_column type=&#8221;1_2&#8243; _builder_version=&#8221;4.27.4&#8243; _module_preset=&#8221;default&#8221; global_colors_info=&#8221;{}&#8221;][et_pb_image src=&#8221;https:\/\/citygruppen.fi\/wp-content\/uploads\/2024\/10\/Brodhornet-logo-RGB.webp&#8221; title_text=&#8221;Br\u00f6dh\u00f6rnet-logo-RGB&#8221; _builder_version=&#8221;4.27.4&#8243; _module_preset=&#8221;default&#8221; width=&#8221;61%&#8221; global_colors_info=&#8221;{}&#8221;][\/et_pb_image][\/et_pb_column][et_pb_column type=&#8221;1_2&#8243; _builder_version=&#8221;4.27.4&#8243; _module_preset=&#8221;default&#8221; global_colors_info=&#8221;{}&#8221;][et_pb_text _builder_version=&#8221;4.27.4&#8243; _module_preset=&#8221;default&#8221; background_layout=&#8221;dark&#8221; global_colors_info=&#8221;{}&#8221;]<\/p>\n<h3>Smakprover, utlottning av produktpaket. Vid bageriet har vi fryst\u00f6mning p\u00e5 onsdag. V\u00e4lkommen!<\/h3>\n<p>[\/et_pb_text][\/et_pb_column][\/et_pb_row][et_pb_row column_structure=&#8221;1_2,1_2&#8243; _builder_version=&#8221;4.27.4&#8243; _module_preset=&#8221;default&#8221; global_colors_info=&#8221;{}&#8221;][et_pb_column type=&#8221;1_2&#8243; _builder_version=&#8221;4.27.4&#8243; _module_preset=&#8221;default&#8221; global_colors_info=&#8221;{}&#8221;][et_pb_image src=&#8221;https:\/\/citygruppen.fi\/wp-content\/uploads\/2025\/11\/Apoteket-Esplanad-Tomtejakt.png&#8221; title_text=&#8221;Apoteket Esplanad Tomtejakt&#8221; _builder_version=&#8221;4.27.4&#8243; _module_preset=&#8221;default&#8221; width=&#8221;61%&#8221; global_colors_info=&#8221;{}&#8221;][\/et_pb_image][\/et_pb_column][et_pb_column type=&#8221;1_2&#8243; _builder_version=&#8221;4.27.4&#8243; _module_preset=&#8221;default&#8221; global_colors_info=&#8221;{}&#8221;][et_pb_text _builder_version=&#8221;4.27.4&#8243; _module_preset=&#8221;default&#8221; background_layout=&#8221;dark&#8221; global_colors_info=&#8221;{}&#8221;]<\/p>\n<h3>P\u00e5 v\u00e5rt Esplanadapotek bjuder vi ocks\u00e5 p\u00e5 saft och pepparkakor samt har en utlottning. Dessutom g\u00e4ller v\u00e5ra fina Black Week-erbjudanden hela m\u00e5naden ut.<\/h3>\n<p>[\/et_pb_text][\/et_pb_column][\/et_pb_row][\/et_pb_section][et_pb_section fb_built=&#8221;1&#8243; _builder_version=&#8221;4.27.2&#8243; _module_preset=&#8221;default&#8221; background_color=&#8221;#000000&#8243; custom_padding=&#8221;0px|||||&#8221; ab_subject=&#8221;on&#8221; ab_subject_id=&#8221;1&#8243; locked=&#8221;off&#8221; global_colors_info=&#8221;{}&#8221;][et_pb_row column_structure=&#8221;2_5,3_5&#8243; _builder_version=&#8221;4.27.2&#8243; _module_preset=&#8221;default&#8221; custom_padding=&#8221;|126px||||&#8221; ab_goal=&#8221;on&#8221; global_colors_info=&#8221;{}&#8221;][et_pb_column type=&#8221;2_5&#8243; _builder_version=&#8221;4.27.2&#8243; _module_preset=&#8221;default&#8221; global_colors_info=&#8221;{}&#8221;][\/et_pb_column][et_pb_column type=&#8221;3_5&#8243; _builder_version=&#8221;4.27.2&#8243; _module_preset=&#8221;default&#8221; global_colors_info=&#8221;{}&#8221;][\/et_pb_column][\/et_pb_row][\/et_pb_section][et_pb_section fb_built=&#8221;1&#8243; _builder_version=&#8221;4.27.4&#8243; _module_preset=&#8221;default&#8221; global_colors_info=&#8221;{}&#8221;][et_pb_row _builder_version=&#8221;4.27.4&#8243; _module_preset=&#8221;default&#8221; global_colors_info=&#8221;{}&#8221;][et_pb_column type=&#8221;4_4&#8243; _builder_version=&#8221;4.27.4&#8243; _module_preset=&#8221;default&#8221; global_colors_info=&#8221;{}&#8221;][et_pb_team_member name=&#8221;Deltagande butiker&#8221; image_url=&#8221;https:\/\/citygruppen.fi\/wp-content\/uploads\/2025\/11\/1.png&#8221; _builder_version=&#8221;4.27.4&#8243; _module_preset=&#8221;default&#8221; global_colors_info=&#8221;{}&#8221;]<\/p>\n<p>&nbsp;<\/p>\n<ol>\n<li style=\"font-weight: 400;\" aria-level=\"1\"><span style=\"font-weight: 400;\">Musikcafe After Eight, Storgatan 6<\/span><\/li>\n<li style=\"font-weight: 400;\" aria-level=\"1\"><span style=\"font-weight: 400;\">Fiika, Storgatan 13<\/span><\/li>\n<li style=\"font-weight: 400;\" aria-level=\"1\"><span style=\"font-weight: 400;\">Br\u00f6dh\u00f6rnet, Storgatan 14<\/span><\/li>\n<li style=\"font-weight: 400;\" aria-level=\"1\"><span style=\"font-weight: 400;\">Smedlunds Uraff\u00e4r, Storgatan 15<\/span><\/li>\n<li style=\"font-weight: 400;\" aria-level=\"1\"><span style=\"font-weight: 400;\">Kaffia, Storgatan 15<\/span><\/li>\n<li style=\"font-weight: 400;\" aria-level=\"1\"><span style=\"font-weight: 400;\">Marks&amp;Iris, Storgatan 16<\/span><\/li>\n<li style=\"font-weight: 400;\" aria-level=\"1\"><span style=\"font-weight: 400;\">FotoElite, Storgatan 17<\/span><\/li>\n<li style=\"font-weight: 400;\" aria-level=\"1\"><span style=\"font-weight: 400;\">Textilshoppen, Styrmansgatan 7<\/span><\/li>\n<li style=\"font-weight: 400;\" aria-level=\"1\"><span style=\"font-weight: 400;\">BROS, Styrmansgatan 8<\/span><\/li>\n<li style=\"font-weight: 400;\" aria-level=\"1\"><span style=\"font-weight: 400;\">JNT, Alhomsgatan 5<\/span><\/li>\n<li style=\"font-weight: 400;\" aria-level=\"1\"><span style=\"font-weight: 400;\">Cosmetique, K\u00f6pmansgatan 18<\/span><\/li>\n<li style=\"font-weight: 400;\" aria-level=\"1\"><span style=\"font-weight: 400;\">Marula Hair Salon, K\u00f6pmansgatan 18<\/span><\/li>\n<\/ol>\n<p>[\/et_pb_team_member][\/et_pb_column][\/et_pb_row][et_pb_row _builder_version=&#8221;4.27.4&#8243; _module_preset=&#8221;default&#8221; global_colors_info=&#8221;{}&#8221;][et_pb_column type=&#8221;4_4&#8243; _builder_version=&#8221;4.27.4&#8243; _module_preset=&#8221;default&#8221; global_colors_info=&#8221;{}&#8221;][et_pb_team_member name=&#8221;Nu \u00e4r jakten p\u00e5 stadens vackraste julf\u00f6nster ig\u00e5ng igen! Vem har det vackraste julf\u00f6nstret \u00e5r 2025?&#8221; image_url=&#8221;https:\/\/citygruppen.fi\/wp-content\/uploads\/2025\/11\/2.png&#8221; _builder_version=&#8221;4.27.4&#8243; _module_preset=&#8221;default&#8221; global_colors_info=&#8221;{}&#8221;]<\/p>\n<p style=\"text-align: left;\"><span>Tillsammans kan vi bygga upp en livlig och f\u00f6rtrollande julst\u00e4mning i v\u00e5r stad.<\/span><\/p>\n<p style=\"text-align: left;\">Allm\u00e4nhetens omr\u00f6stning om stadens vackraste julf\u00f6nster inleds onsdagen den 26 november i samband med jul\u00f6ppningen p\u00e5 citygruppen.fi. Omr\u00f6stningen p\u00e5g\u00e5r sedan fram till den 10 december och vinnaren offentligg\u00f6rs den 11 december.<br \/><a href=\"https:\/\/forms.gle\/1iCRrRJYYK3YC6H97\">https:\/\/forms.gle\/1iCRrRJYYK3YC6H97<\/a><\/p>\n<p style=\"text-align: left;\">Samtidigt deltar du i utlottningen av ett Citygruppens presentkort.<\/p>\n<p style=\"text-align: left;\">\u00a0Vinnaren av vackraste julf\u00f6nster-t\u00e4vlingen f\u00e5r en Jumbo annons under en veckas tid.<br \/>Priset m\u00e5ste utnyttjas senast i slutet av maj.<\/p>\n<p>[\/et_pb_team_member][\/et_pb_column][\/et_pb_row][\/et_pb_section][et_pb_section fb_built=&#8221;1&#8243; _builder_version=&#8221;4.27.2&#8243; _module_preset=&#8221;default&#8221; background_color=&#8221;#000000&#8243; custom_padding=&#8221;0px|||||&#8221; ab_subject=&#8221;on&#8221; ab_subject_id=&#8221;2&#8243; global_colors_info=&#8221;{}&#8221;][et_pb_row _builder_version=&#8221;4.27.2&#8243; _module_preset=&#8221;default&#8221; ab_goal=&#8221;on&#8221; global_colors_info=&#8221;{}&#8221;][et_pb_column type=&#8221;4_4&#8243; _builder_version=&#8221;4.27.2&#8243; _module_preset=&#8221;default&#8221; global_colors_info=&#8221;{}&#8221;][et_pb_image src=&#8221;https:\/\/citygruppen.fi\/wp-content\/uploads\/2024\/11\/julfonster-instagram-002-scaled.jpg&#8221; title_text=&#8221;julf\u00f6nster instagram (002)&#8221; _builder_version=&#8221;4.27.4&#8243; _module_preset=&#8221;default&#8221; width=&#8221;55%&#8221; global_colors_info=&#8221;{}&#8221;][\/et_pb_image][\/et_pb_column][\/et_pb_row][\/et_pb_section][et_pb_section fb_built=&#8221;1&#8243; _builder_version=&#8221;4.23.1&#8243; _module_preset=&#8221;default&#8221; background_color=&#8221;#060717&#8243; global_colors_info=&#8221;{}&#8221;][et_pb_row _builder_version=&#8221;4.23.1&#8243; _module_preset=&#8221;default&#8221; global_colors_info=&#8221;{}&#8221;][et_pb_column type=&#8221;4_4&#8243; _builder_version=&#8221;4.23.1&#8243; _module_preset=&#8221;default&#8221; global_colors_info=&#8221;{}&#8221;][et_pb_text _builder_version=&#8221;4.27.4&#8243; _module_preset=&#8221;default&#8221; text_font=&#8221;|700|||||||&#8221; header_font=&#8221;|700|||||||&#8221; background_layout=&#8221;dark&#8221; global_colors_info=&#8221;{}&#8221;]<\/p>\n<h1>I sammarbete med<\/h1>\n<p>[\/et_pb_text][\/et_pb_column][\/et_pb_row][et_pb_row column_structure=&#8221;1_5,1_5,1_5,1_5,1_5&#8243; _builder_version=&#8221;4.23.1&#8243; _module_preset=&#8221;default&#8221; global_colors_info=&#8221;{}&#8221;][et_pb_column type=&#8221;1_5&#8243; _builder_version=&#8221;4.23.1&#8243; _module_preset=&#8221;default&#8221; global_colors_info=&#8221;{}&#8221;][et_pb_image src=&#8221;https:\/\/citygruppen.fi\/wp-content\/uploads\/2023\/09\/CG-LOGO-1.png&#8221; title_text=&#8221;CG LOGO (1)&#8221; _builder_version=&#8221;4.23.1&#8243; _module_preset=&#8221;default&#8221; max_width=&#8221;250px&#8221; max_height=&#8221;250px&#8221; global_colors_info=&#8221;{}&#8221;][\/et_pb_image][\/et_pb_column][et_pb_column type=&#8221;1_5&#8243; _builder_version=&#8221;4.27.4&#8243; _module_preset=&#8221;default&#8221; global_colors_info=&#8221;{}&#8221;][\/et_pb_column][et_pb_column type=&#8221;1_5&#8243; _builder_version=&#8221;4.23.1&#8243; _module_preset=&#8221;default&#8221; global_colors_info=&#8221;{}&#8221;][\/et_pb_column][et_pb_column type=&#8221;1_5&#8243; _builder_version=&#8221;4.27.4&#8243; _module_preset=&#8221;default&#8221; global_colors_info=&#8221;{}&#8221;][et_pb_image src=&#8221;https:\/\/citygruppen.fi\/wp-content\/uploads\/2025\/11\/VJ_RGB_Primary_Red_White-002.png&#8221; title_text=&#8221;VJ_RGB_Primary_Red_White (002)&#8221; _builder_version=&#8221;4.27.4&#8243; _module_preset=&#8221;default&#8221; max_width=&#8221;250px&#8221; global_colors_info=&#8221;{}&#8221;][\/et_pb_image][\/et_pb_column][et_pb_column type=&#8221;1_5&#8243; _builder_version=&#8221;4.23.1&#8243; _module_preset=&#8221;default&#8221; global_colors_info=&#8221;{}&#8221;][\/et_pb_column][\/et_pb_row][et_pb_row column_structure=&#8221;1_3,1_3,1_3&#8243; _builder_version=&#8221;4.23.1&#8243; _module_preset=&#8221;default&#8221; global_colors_info=&#8221;{}&#8221;][et_pb_column type=&#8221;1_3&#8243; _builder_version=&#8221;4.23.1&#8243; _module_preset=&#8221;default&#8221; global_colors_info=&#8221;{}&#8221;][\/et_pb_column][et_pb_column type=&#8221;1_3&#8243; _builder_version=&#8221;4.23.1&#8243; _module_preset=&#8221;default&#8221; global_colors_info=&#8221;{}&#8221;][\/et_pb_column][et_pb_column type=&#8221;1_3&#8243; _builder_version=&#8221;4.23.1&#8243; _module_preset=&#8221;default&#8221; global_colors_info=&#8221;{}&#8221;][\/et_pb_column][\/et_pb_row][\/et_pb_section]<\/p>\n","protected":false},"excerpt":{"rendered":"<p>Jul\u00f6ppningen p\u00e5 Jakobstads torget p\u00e5 onsdag kv\u00e4ll &#8211; marknad, musik, den alltid lika v\u00e4ntade jultomten och julshopping!Program Programmet uppdateras \u00e4nnu.Kl. 15.00-19.00Julmarknad p\u00e5 torget &nbsp; Kl. 17.15\u00d6ppningstal \u2013 Ebba BraheVi t\u00e4nder julgransljusen och tro, hopp och k\u00e4rlek. &nbsp; Kl. 17.30Juls\u00e5nger av k\u00f6ren MI VOCE\u2013 under ledning av Matilda Svenfelt med pianist Hanna L\u00e5ng. &nbsp; Kl. 17.30 [&hellip;]<\/p>\n","protected":false},"author":1,"featured_media":0,"parent":42,"menu_order":0,"comment_status":"closed","ping_status":"closed","template":"","meta":{"_et_pb_use_builder":"on","_et_pb_old_content":"","_et_gb_content_width":"","footnotes":""},"class_list":["post-433","page","type-page","status-publish","hentry"],"_links":{"self":[{"href":"https:\/\/citygruppen.fi\/fi\/wp-json\/wp\/v2\/pages\/433","targetHints":{"allow":["GET"]}}],"collection":[{"href":"https:\/\/citygruppen.fi\/fi\/wp-json\/wp\/v2\/pages"}],"about":[{"href":"https:\/\/citygruppen.fi\/fi\/wp-json\/wp\/v2\/types\/page"}],"author":[{"embeddable":true,"href":"https:\/\/citygruppen.fi\/fi\/wp-json\/wp\/v2\/users\/1"}],"replies":[{"embeddable":true,"href":"https:\/\/citygruppen.fi\/fi\/wp-json\/wp\/v2\/comments?post=433"}],"version-history":[{"count":84,"href":"https:\/\/citygruppen.fi\/fi\/wp-json\/wp\/v2\/pages\/433\/revisions"}],"predecessor-version":[{"id":2544,"href":"https:\/\/citygruppen.fi\/fi\/wp-json\/wp\/v2\/pages\/433\/revisions\/2544"}],"up":[{"embeddable":true,"href":"https:\/\/citygruppen.fi\/fi\/wp-json\/wp\/v2\/pages\/42"}],"wp:attachment":[{"href":"https:\/\/citygruppen.fi\/fi\/wp-json\/wp\/v2\/media?parent=433"}],"curies":[{"name":"wp","href":"https:\/\/api.w.org\/{rel}","templated":true}]}}