{"id":775,"date":"2024-03-20T08:11:47","date_gmt":"2024-03-20T08:11:47","guid":{"rendered":"https:\/\/citygruppen.fi\/?page_id=775"},"modified":"2024-04-16T09:57:45","modified_gmt":"2024-04-16T09:57:45","slug":"evenemangkalender","status":"publish","type":"page","link":"https:\/\/citygruppen.fi\/fi\/evenemangkalender\/","title":{"rendered":"Evenemangkalender"},"content":{"rendered":"<p>[et_pb_section fb_built=&#8221;1&#8243; _builder_version=&#8221;4.24.2&#8243; _module_preset=&#8221;default&#8221; global_colors_info=&#8221;{}&#8221;][et_pb_row _builder_version=&#8221;4.24.3&#8243; _module_preset=&#8221;default&#8221; global_colors_info=&#8221;{}&#8221;][et_pb_column type=&#8221;4_4&#8243; _builder_version=&#8221;4.24.2&#8243; _module_preset=&#8221;default&#8221; global_colors_info=&#8221;{}&#8221;][et_pb_text _builder_version=&#8221;4.24.3&#8243; _module_preset=&#8221;default&#8221; global_colors_info=&#8221;{}&#8221;]<\/p>\n<h1>H\u00e4ndelsekalender<\/h1>\n<p>[\/et_pb_text][\/et_pb_column][\/et_pb_row][et_pb_row column_structure=&#8221;1_3,1_3,1_3&#8243; _builder_version=&#8221;4.24.3&#8243; _module_preset=&#8221;default&#8221; global_colors_info=&#8221;{}&#8221;][et_pb_column type=&#8221;1_3&#8243; _builder_version=&#8221;4.24.2&#8243; _module_preset=&#8221;default&#8221; global_colors_info=&#8221;{}&#8221;][et_pb_accordion open_toggle_text_color=&#8221;#C9E9F3&#8243; open_toggle_background_color=&#8221;#2594A3&#8243; closed_toggle_background_color=&#8221;#115F7C&#8221; _builder_version=&#8221;4.24.3&#8243; _module_preset=&#8221;default&#8221; toggle_text_color=&#8221;#FFFFFF&#8221; body_text_color=&#8221;#FFFFFF&#8221; global_colors_info=&#8221;{}&#8221;][et_pb_accordion_item title=&#8221;Januari&#8221; open=&#8221;on&#8221; _builder_version=&#8221;4.24.2&#8243; _module_preset=&#8221;default&#8221; global_colors_info=&#8221;{}&#8221;]<\/p>\n<p>Evenemanger och h\u00e4ndelser i januari<\/p>\n<p>[\/et_pb_accordion_item][et_pb_accordion_item title=&#8221;Februari&#8221; _builder_version=&#8221;4.24.2&#8243; _module_preset=&#8221;default&#8221; global_colors_info=&#8221;{}&#8221; open=&#8221;off&#8221;]<\/p>\n<p>Your content goes here. Edit or remove this text inline or in the module Content settings. You can also style every aspect of this content in the module Design settings and even apply custom CSS to this text in the module Advanced settings.<\/p>\n<p>[\/et_pb_accordion_item][et_pb_accordion_item title=&#8221;Mars&#8221; _builder_version=&#8221;4.24.2&#8243; _module_preset=&#8221;default&#8221; global_colors_info=&#8221;{}&#8221; open=&#8221;off&#8221;]<\/p>\n<p>Your content goes here. Edit or remove this text inline or in the module Content settings. You can also style every aspect of this content in the module Design settings and even apply custom CSS to this text in the module Advanced settings.<\/p>\n<p>[\/et_pb_accordion_item][et_pb_accordion_item title=&#8221;April&#8221; _builder_version=&#8221;4.24.3&#8243; _module_preset=&#8221;default&#8221; global_colors_info=&#8221;{}&#8221; open=&#8221;off&#8221;]<\/p>\n<p>20.p\u00e4iv\u00e4\u00a0\u00a0\u00a0\u00a0\u00a0\u00a0\u00a0\u00a0\u00a0 <a href=\"https:\/\/vmsport.fi\/\">VM Sport<\/a> &#8211; Py\u00f6r\u00e4ilykauden avajaiset \/ Cykels\u00e4songens \u00f6ppningen kl. 10-14<\/p>\n<p>20.p\u00e4iv\u00e4\u00a0 \u00a0 \u00a0 \u00a0 \u00a0 <a href=\"https:\/\/campusallegro.fi\/en\/events\/kultour-pietarsaari\/\">KulTour<\/a> &#8211; Kulttuuritestausp\u00e4iv\u00e4 \/ En prova p\u00e5 Kulturdag i jakobstad &#8211; campus Allegro kl. 11-13<\/p>\n<p>27.p\u00e4iv\u00e4\u00a0\u00a0\u00a0\u00a0\u00a0\u00a0\u00a0\u00a0\u00a0 Treat yourself -event<\/p>\n<p>[\/et_pb_accordion_item][\/et_pb_accordion][\/et_pb_column][et_pb_column type=&#8221;1_3&#8243; _builder_version=&#8221;4.24.2&#8243; _module_preset=&#8221;default&#8221; global_colors_info=&#8221;{}&#8221;][et_pb_accordion _builder_version=&#8221;4.24.3&#8243; _module_preset=&#8221;default&#8221; hover_enabled=&#8221;0&#8243; global_colors_info=&#8221;{}&#8221; sticky_enabled=&#8221;0&#8243;][et_pb_accordion_item title=&#8221;Maj&#8221; open=&#8221;on&#8221; _builder_version=&#8221;4.24.3&#8243; _module_preset=&#8221;default&#8221; hover_enabled=&#8221;0&#8243; global_colors_info=&#8221;{}&#8221; sticky_enabled=&#8221;0&#8243;]<\/p>\n<p>12.5\u00a0 \u00a0 \u00a0 \u00a0 \u00a0 \u00a0 \u00a0 \u00a0 <a href=\"https:\/\/www.sunds.fi\/sv\/company\/news\/spring_2024\">Sunds<\/a> &#8211; \u00c4itienp\u00e4iv\u00e4 \/Morsdag<\/p>\n<p>17.-18.5\u00a0\u00a0\u00a0\u00a0\u00a0\u00a0\u00a0\u00a0\u00a0 <a href=\"https:\/\/sportmagasinetmattsson.fi\/\">Sport Matssonin<\/a> py\u00f6r\u00e4tapahtuma koko perheelle<\/p>\n<p>18.5\u00a0 \u00a0 \u00a0 \u00a0 \u00a0 \u00a0 \u00a0 \u00a0 Storloppis i kristallen \/ Jakobstad<\/p>\n<p>vk 21.\u00a0 \u00a0 \u00a0 \u00a0 \u00a0 \u00a0 \u00a0<a href=\"https:\/\/www.sunds.fi\/sv\/company\/news\/spring_2024\">Sunds<\/a> &#8211; Suuri puutarhaviikko \/ Stora tr\u00e5dg\u00e5rdsvecka<\/p>\n<p>25.5\u00a0 \u00a0 \u00a0 \u00a0 \u00a0 \u00a0 \u00a0 \u00a0 Kes\u00e4kauden terassiavajaiset \/ Sommar- och terass s\u00e4songens\u00f6ppning<\/p>\n<p>[\/et_pb_accordion_item][et_pb_accordion_item title=&#8221;Juni&#8221; _builder_version=&#8221;4.24.3&#8243; _module_preset=&#8221;default&#8221; global_colors_info=&#8221;{}&#8221; open=&#8221;off&#8221;]<\/p>\n<p>3.p\u00e4iv\u00e4\u00a0 Kes\u00e4tori \/ Sommartorg 15-19<\/p>\n<p>5.p\u00e4iv\u00e4 \u00a0\u00a0\u00a0\u00a0\u00a0\u00a0\u00a0\u00a0\u00a0\u00a0 Leikit\u00e4\u00e4n pikku kakkosta \u2013 kiertue<\/p>\n<p>21-28.p\u00e4iv\u00e4 \u00a0\u00a0 Jacobs Dagar \/ Jaakon P\u00e4iv\u00e4t<\/p>\n<p>[\/et_pb_accordion_item][et_pb_accordion_item title=&#8221;Juli&#8221; _builder_version=&#8221;4.24.3&#8243; _module_preset=&#8221;default&#8221; global_colors_info=&#8221;{}&#8221; open=&#8221;off&#8221;]<\/p>\n<p>1.p\u00e4iv\u00e4 Kes\u00e4tori \/ Sommartorg 15-19<\/p>\n<p>[\/et_pb_accordion_item][et_pb_accordion_item title=&#8221;Augusti&#8221; _builder_version=&#8221;4.24.3&#8243; _module_preset=&#8221;default&#8221; global_colors_info=&#8221;{}&#8221; open=&#8221;off&#8221;]<\/p>\n<p>5.8 Kes\u00e4tori \/ Sommartorg 15-19<\/p>\n<p>16.8 Benjamin Ingrosso keskuskent\u00e4ll\u00e4 \/ p\u00e5 Centralplan<\/p>\n<p>17.8 Tomas Ledin keskuskent\u00e4ll\u00e4 \/ p\u00e5 Centralplan kl. 18<\/p>\n<p>28.8 Spotlight &#8211; Kulttuurin ja kaupan y\u00f6 \/ Kulturens och handelns natt\u00a0<\/p>\n<p>[\/et_pb_accordion_item][\/et_pb_accordion][\/et_pb_column][et_pb_column type=&#8221;1_3&#8243; _builder_version=&#8221;4.24.3&#8243; _module_preset=&#8221;default&#8221; global_colors_info=&#8221;{}&#8221;][et_pb_accordion _builder_version=&#8221;4.24.3&#8243; _module_preset=&#8221;default&#8221; global_colors_info=&#8221;{}&#8221;][et_pb_accordion_item title=&#8221;September&#8221; open=&#8221;on&#8221; _builder_version=&#8221;4.24.2&#8243; _module_preset=&#8221;default&#8221; global_colors_info=&#8221;{}&#8221;]<\/p>\n<p>Evenemanger och h\u00e4ndelser i januari<\/p>\n<p>[\/et_pb_accordion_item][et_pb_accordion_item title=&#8221;Oktober&#8221; _builder_version=&#8221;4.24.3&#8243; _module_preset=&#8221;default&#8221; global_colors_info=&#8221;{}&#8221; open=&#8221;off&#8221;]<\/p>\n<p>25-27.10 October City Sale<\/p>\n<p>[\/et_pb_accordion_item][et_pb_accordion_item title=&#8221;November&#8221; _builder_version=&#8221;4.24.2&#8243; _module_preset=&#8221;default&#8221; global_colors_info=&#8221;{}&#8221; open=&#8221;off&#8221;]<\/p>\n<p>Your content goes here. Edit or remove this text inline or in the module Content settings. You can also style every aspect of this content in the module Design settings and even apply custom CSS to this text in the module Advanced settings.<\/p>\n<p>[\/et_pb_accordion_item][et_pb_accordion_item title=&#8221;December&#8221; _builder_version=&#8221;4.24.3&#8243; _module_preset=&#8221;default&#8221; global_colors_info=&#8221;{}&#8221; open=&#8221;off&#8221;]<\/p>\n<p>Joulunavajaiset<\/p>\n<p>[\/et_pb_accordion_item][\/et_pb_accordion][et_pb_accordion _builder_version=&#8221;4.24.3&#8243; _module_preset=&#8221;default&#8221; global_colors_info=&#8221;{}&#8221;][et_pb_accordion_item title=&#8221;September&#8221; open=&#8221;on&#8221; _builder_version=&#8221;4.24.2&#8243; _module_preset=&#8221;default&#8221; global_colors_info=&#8221;{}&#8221;]<\/p>\n<p>Evenemanger och h\u00e4ndelser i januari<\/p>\n<p>[\/et_pb_accordion_item][et_pb_accordion_item title=&#8221;Oktober&#8221; _builder_version=&#8221;4.24.2&#8243; _module_preset=&#8221;default&#8221; global_colors_info=&#8221;{}&#8221; open=&#8221;off&#8221;]<\/p>\n<p>Your content goes here. Edit or remove this text inline or in the module Content settings. You can also style every aspect of this content in the module Design settings and even apply custom CSS to this text in the module Advanced settings.<\/p>\n<p>[\/et_pb_accordion_item][et_pb_accordion_item title=&#8221;November&#8221; _builder_version=&#8221;4.24.2&#8243; _module_preset=&#8221;default&#8221; global_colors_info=&#8221;{}&#8221; open=&#8221;off&#8221;]<\/p>\n<p>Your content goes here. Edit or remove this text inline or in the module Content settings. You can also style every aspect of this content in the module Design settings and even apply custom CSS to this text in the module Advanced settings.<\/p>\n<p>[\/et_pb_accordion_item][et_pb_accordion_item title=&#8221;December&#8221; _builder_version=&#8221;4.24.3&#8243; _module_preset=&#8221;default&#8221; global_colors_info=&#8221;{}&#8221; open=&#8221;off&#8221;]<\/p>\n<p>Joulunavajaiset<\/p>\n<p>[\/et_pb_accordion_item][\/et_pb_accordion][\/et_pb_column][\/et_pb_row][\/et_pb_section]<\/p>\n","protected":false},"excerpt":{"rendered":"<p>H\u00e4ndelsekalenderEvenemanger och h\u00e4ndelser i januariYour content goes here. Edit or remove this text inline or in the module Content settings. You can also style every aspect of this content in the module Design settings and even apply custom CSS to this text in the module Advanced settings.Your content goes here. Edit or remove this text [&hellip;]<\/p>\n","protected":false},"author":1,"featured_media":0,"parent":0,"menu_order":0,"comment_status":"closed","ping_status":"closed","template":"","meta":{"_et_pb_use_builder":"on","_et_pb_old_content":"","_et_gb_content_width":"","footnotes":""},"class_list":["post-775","page","type-page","status-publish","hentry"],"_links":{"self":[{"href":"https:\/\/citygruppen.fi\/fi\/wp-json\/wp\/v2\/pages\/775","targetHints":{"allow":["GET"]}}],"collection":[{"href":"https:\/\/citygruppen.fi\/fi\/wp-json\/wp\/v2\/pages"}],"about":[{"href":"https:\/\/citygruppen.fi\/fi\/wp-json\/wp\/v2\/types\/page"}],"author":[{"embeddable":true,"href":"https:\/\/citygruppen.fi\/fi\/wp-json\/wp\/v2\/users\/1"}],"replies":[{"embeddable":true,"href":"https:\/\/citygruppen.fi\/fi\/wp-json\/wp\/v2\/comments?post=775"}],"version-history":[{"count":9,"href":"https:\/\/citygruppen.fi\/fi\/wp-json\/wp\/v2\/pages\/775\/revisions"}],"predecessor-version":[{"id":800,"href":"https:\/\/citygruppen.fi\/fi\/wp-json\/wp\/v2\/pages\/775\/revisions\/800"}],"wp:attachment":[{"href":"https:\/\/citygruppen.fi\/fi\/wp-json\/wp\/v2\/media?parent=775"}],"curies":[{"name":"wp","href":"https:\/\/api.w.org\/{rel}","templated":true}]}}