{"id":801,"date":"2024-04-22T12:28:00","date_gmt":"2024-04-22T12:28:00","guid":{"rendered":"https:\/\/citygruppen.fi\/?page_id=801"},"modified":"2026-03-17T10:32:54","modified_gmt":"2026-03-17T10:32:54","slug":"summerstart","status":"publish","type":"page","link":"https:\/\/citygruppen.fi\/fi\/evenemang\/summerstart\/","title":{"rendered":"Kes\u00e4startti"},"content":{"rendered":"<p>[et_pb_section fb_built=&#8221;1&#8243; admin_label=&#8221;Header&#8221; _builder_version=&#8221;4.20.0&#8243; _module_preset=&#8221;default&#8221; background_color=&#8221;gcid-05864f7b-18b4-424d-8937-0b09a7c6a082&#8243; background_enable_image=&#8221;off&#8221; background_position=&#8221;top_center&#8221; collapsed=&#8221;on&#8221; global_colors_info=&#8221;{%22gcid-05864f7b-18b4-424d-8937-0b09a7c6a082%22:%91%22background_color%22%93}&#8221;][et_pb_row _builder_version=&#8221;4.24.3&#8243; _module_preset=&#8221;default&#8221; global_colors_info=&#8221;{}&#8221;][et_pb_column type=&#8221;4_4&#8243; _builder_version=&#8221;4.20.0&#8243; _module_preset=&#8221;default&#8221; global_colors_info=&#8221;{}&#8221;][et_pb_text _builder_version=&#8221;4.27.4&#8243; _module_preset=&#8221;b7c1b2b1-0bac-471e-a406-e0579edbdced&#8221; max_width=&#8221;890px&#8221; global_colors_info=&#8221;{}&#8221;]<\/p>\n<h1>Sommarstart<\/h1>\n<p>[\/et_pb_text][\/et_pb_column][\/et_pb_row][et_pb_row column_structure=&#8221;2_5,3_5&#8243; _builder_version=&#8221;4.20.0&#8243; _module_preset=&#8221;default&#8221; custom_margin=&#8221;|auto|-44px|auto||&#8221; custom_padding=&#8221;|||24px||&#8221; global_colors_info=&#8221;{}&#8221;][et_pb_column type=&#8221;2_5&#8243; _builder_version=&#8221;4.20.0&#8243; _module_preset=&#8221;default&#8221; global_colors_info=&#8221;{}&#8221;][et_pb_text _builder_version=&#8221;4.27.5&#8243; _module_preset=&#8221;default&#8221; hover_enabled=&#8221;0&#8243; global_colors_info=&#8221;{}&#8221; sticky_enabled=&#8221;0&#8243;]<\/p>\n<p>Sommaren \u00e4r runt h\u00f6rnet!<\/p>\n<p><strong>Vi bjuder in dig att delta i arrangemanget &#8221;Sommarstart&#8221; p\u00e5 Jakobstads torg och g\u00e5gata fredagen den 22.-23 maj.<\/strong><\/p>\n<p>Citygruppen och Visit Jakobstad vill tillsammans med dig \u00f6ka antalet bes\u00f6kare och turister i Jakobstad denna sommar. V\u00e5rt m\u00e5l \u00e4r att samla lokala akt\u00f6rer och presentera sommarens m\u00e5ngsidiga aktivitetsm\u00f6jligheter.<\/p>\n<div dir=\"auto\">\u00c4r du redo f\u00f6r sommarens \u00e4ventyr?<\/div>\n<div dir=\"auto\">Under Sommarstart evenemanget kan du uppt\u00e4cka massor av fantastiska sommaraktiviteter, intressanta bes\u00f6ksm\u00e5l och h\u00f6ra om olika verksamheter. <span class=\"html-span xexx8yu x4uap5 x18d9i69 xkhd6sd x1hl2dhg x16tdsg8 x1vvkbs x3nfvp2 x1j61x8r x1fcty0u xdj266r xat24cr xgzva0m xhhsvwb xxymvpz xlup9mm x1kky2od\"><img loading=\"lazy\" decoding=\"async\" height=\"16\" width=\"16\" alt=\"\ud83e\udd29\" class=\"xz74otr x168nmei x13lgxp2 x5pf9jr xo71vjh\" referrerpolicy=\"origin-when-cross-origin\" src=\"https:\/\/static.xx.fbcdn.net\/images\/emoji.php\/v9\/t58\/1\/16\/1f929.png\" \/><\/span> Kom och hitta det sommar\u00e4ventyr som passar just dig. F\u00f6r att h\u00f6ja st\u00e4mningen har vi karaoke i glashuset <span class=\"html-span xexx8yu x4uap5 x18d9i69 xkhd6sd x1hl2dhg x16tdsg8 x1vvkbs x3nfvp2 x1j61x8r x1fcty0u xdj266r xat24cr xgzva0m xhhsvwb xxymvpz xlup9mm x1kky2od\"><img loading=\"lazy\" decoding=\"async\" height=\"16\" width=\"16\" alt=\"\ud83c\udfb5  \" class=\"xz74otr x168nmei x13lgxp2 x5pf9jr xo71vjh\" referrerpolicy=\"origin-when-cross-origin\" src=\"https:\/\/static.xx.fbcdn.net\/images\/emoji.php\/v9\/t9e\/1\/16\/1f3b5.png\" \/><\/span><span class=\"html-span xexx8yu x4uap5 x18d9i69 xkhd6sd x1hl2dhg x16tdsg8 x1vvkbs x3nfvp2 x1j61x8r x1fcty0u xdj266r xat24cr xgzva0m xhhsvwb xxymvpz xlup9mm x1kky2od\"><\/span><\/div>\n<div class=\"x11i5rnm xat24cr x1mh8g0r x1vvkbs xtlvy1s x126k92a\">\n<div dir=\"auto\"><span class=\"html-span xexx8yu x4uap5 x18d9i69 xkhd6sd x1hl2dhg x16tdsg8 x1vvkbs x3nfvp2 x1j61x8r x1fcty0u xdj266r xat24cr xgzva0m xhhsvwb xxymvpz xlup9mm x1kky2od\"><\/span><\/div>\n<\/div>\n<p>Evenemanget riktar sig till b\u00e5de lokalbefolkningen och turister fr\u00e5n n\u00e4romr\u00e5det. Tillsammans g\u00f6r vi denna sommar fantastisk!<\/p>\n<p>[\/et_pb_text][et_pb_text _builder_version=&#8221;4.27.4&#8243; _module_preset=&#8221;default&#8221; global_colors_info=&#8221;{}&#8221;][\/et_pb_text][\/et_pb_column][et_pb_column type=&#8221;3_5&#8243; _builder_version=&#8221;4.20.0&#8243; _module_preset=&#8221;default&#8221; global_colors_info=&#8221;{}&#8221;][et_pb_image src=&#8221;https:\/\/citygruppen.fi\/wp-content\/uploads\/2026\/03\/Summerstart26.png&#8221; title_text=&#8221;Summerstart26&#8243; _builder_version=&#8221;4.27.5&#8243; _module_preset=&#8221;default&#8221; width=&#8221;60%&#8221; hover_enabled=&#8221;0&#8243; global_colors_info=&#8221;{}&#8221; sticky_enabled=&#8221;0&#8243;][\/et_pb_image][\/et_pb_column][\/et_pb_row][\/et_pb_section][et_pb_section fb_built=&#8221;1&#8243; specialty=&#8221;on&#8221; admin_label=&#8221;Features&#8221; _builder_version=&#8221;4.20.0&#8243; _module_preset=&#8221;default&#8221; background_color=&#8221;gcid-05864f7b-18b4-424d-8937-0b09a7c6a082&#8243; custom_margin=&#8221;-42px|||||&#8221; collapsed=&#8221;on&#8221; global_colors_info=&#8221;{%22gcid-05864f7b-18b4-424d-8937-0b09a7c6a082%22:%91%22background_color%22%93}&#8221;][et_pb_column type=&#8221;1_2&#8243; _builder_version=&#8221;4.16&#8243; _module_preset=&#8221;default&#8221; custom_padding=&#8221;|||&#8221; global_colors_info=&#8221;{}&#8221; custom_padding__hover=&#8221;|||&#8221;][et_pb_image src=&#8221;https:\/\/citygruppen.fi\/wp-content\/uploads\/2024\/04\/event-coordinator-14.png&#8221; title_text=&#8221;event-coordinator-14&#8243; align=&#8221;right&#8221; _builder_version=&#8221;4.20.0&#8243; _module_preset=&#8221;default&#8221; width=&#8221;10%&#8221; custom_margin=&#8221;-30px||-30px||false|false&#8221; global_colors_info=&#8221;{}&#8221;][\/et_pb_image][et_pb_text _builder_version=&#8221;4.25.1&#8243; _module_preset=&#8221;01a1791e-944a-461b-ad92-b8c136a97ced&#8221; global_colors_info=&#8221;{}&#8221;]<\/p>\n<h2>Program\u00a0<\/h2>\n<p>[\/et_pb_text][et_pb_image src=&#8221;https:\/\/citygruppen.fi\/wp-content\/uploads\/2024\/04\/Citygruppens-logo-jpg.jpg&#8221; title_text=&#8221;JeppisDesignCity2020&#8243; _builder_version=&#8221;4.24.3&#8243; _module_preset=&#8221;default&#8221; width=&#8221;60%&#8221; custom_margin=&#8221;||||false|false&#8221; global_colors_info=&#8221;{}&#8221;][\/et_pb_image][\/et_pb_column][et_pb_column type=&#8221;1_2&#8243; specialty_columns=&#8221;2&#8243; _builder_version=&#8221;4.16&#8243; _module_preset=&#8221;default&#8221; custom_padding=&#8221;|||&#8221; global_colors_info=&#8221;{}&#8221; custom_padding__hover=&#8221;|||&#8221;][\/et_pb_column][\/et_pb_section][et_pb_section fb_built=&#8221;1&#8243; admin_label=&#8221;Gallery&#8221; _builder_version=&#8221;4.25.0&#8243; _module_preset=&#8221;default&#8221; background_color=&#8221;gcid-05864f7b-18b4-424d-8937-0b09a7c6a082&#8243; background_image=&#8221;https:\/\/citygruppen.fi\/wp-content\/uploads\/2024\/04\/event-coordinator-26f.png&#8221; background_size=&#8221;contain&#8221; custom_padding=&#8221;121px|||||&#8221; collapsed=&#8221;on&#8221; global_colors_info=&#8221;{%22gcid-05864f7b-18b4-424d-8937-0b09a7c6a082%22:%91%22background_color%22%93}&#8221;][et_pb_row column_structure=&#8221;1_3,1_3,1_3&#8243; use_custom_gutter=&#8221;on&#8221; gutter_width=&#8221;2&#8243; make_equal=&#8221;on&#8221; custom_padding_last_edited=&#8221;on|tablet&#8221; _builder_version=&#8221;4.20.0&#8243; _module_preset=&#8221;default&#8221; custom_padding_tablet=&#8221;||0px||false|false&#8221; custom_padding_phone=&#8221;||0px||false|false&#8221; global_colors_info=&#8221;{}&#8221;][et_pb_column type=&#8221;1_3&#8243; _builder_version=&#8221;4.20.0&#8243; _module_preset=&#8221;default&#8221; global_colors_info=&#8221;{}&#8221;][\/et_pb_column][et_pb_column type=&#8221;1_3&#8243; _builder_version=&#8221;4.20.0&#8243; _module_preset=&#8221;default&#8221; global_colors_info=&#8221;{}&#8221;][\/et_pb_column][et_pb_column type=&#8221;1_3&#8243; _builder_version=&#8221;4.20.0&#8243; _module_preset=&#8221;default&#8221; global_colors_info=&#8221;{}&#8221;][\/et_pb_column][\/et_pb_row][\/et_pb_section][et_pb_section fb_built=&#8221;1&#8243; admin_label=&#8221;Footer&#8221; _builder_version=&#8221;4.20.0&#8243; _module_preset=&#8221;default&#8221; background_color=&#8221;gcid-f23e4087-7455-4520-93f3-7ba111c4463d&#8221; use_background_color_gradient=&#8221;on&#8221; background_color_gradient_direction=&#8221;90deg&#8221; background_color_gradient_stops=&#8221;gcid-6e7959be-8245-4834-bd10-bf3c875e7c87 50%|gcid-f23e4087-7455-4520-93f3-7ba111c4463d 50%&#8221; custom_padding=&#8221;0px||||false|false&#8221; background_last_edited=&#8221;on|tablet&#8221; use_background_color_gradient_tablet=&#8221;off&#8221; saved_tabs=&#8221;all&#8221; collapsed=&#8221;on&#8221; global_colors_info=&#8221;{%22gcid-6e7959be-8245-4834-bd10-bf3c875e7c87%22:%91%22background_color_gradient_stops%22%93,%22gcid-f23e4087-7455-4520-93f3-7ba111c4463d%22:%91%22background_color_gradient_stops%22,%22background_color%22%93}&#8221;][et_pb_row column_structure=&#8221;1_2,1_2&#8243; use_custom_gutter=&#8221;on&#8221; gutter_width=&#8221;1&#8243; _builder_version=&#8221;4.20.0&#8243; _module_preset=&#8221;default&#8221; custom_padding=&#8221;20px||20px||true|false&#8221; border_color_all=&#8221;gcid-05864f7b-18b4-424d-8937-0b09a7c6a082&#8243; border_width_top=&#8221;1px&#8221; global_colors_info=&#8221;{%22gcid-05864f7b-18b4-424d-8937-0b09a7c6a082%22:%91%22border_color_all%22%93}&#8221;][et_pb_column type=&#8221;1_2&#8243; _builder_version=&#8221;4.20.0&#8243; _module_preset=&#8221;default&#8221; global_colors_info=&#8221;{}&#8221;][\/et_pb_column][et_pb_column type=&#8221;1_2&#8243; _builder_version=&#8221;4.20.0&#8243; _module_preset=&#8221;default&#8221; global_colors_info=&#8221;{}&#8221;][et_pb_text _builder_version=&#8221;4.20.0&#8243; _dynamic_attributes=&#8221;content&#8221; _module_preset=&#8221;ac21ea3e-5587-4583-abc8-658d6dce119c&#8221; text_text_color=&#8221;#F0F0F0&#8243; text_orientation=&#8221;right&#8221; text_orientation_tablet=&#8221;left&#8221; text_orientation_phone=&#8221;&#8221; text_orientation_last_edited=&#8221;on|tablet&#8221; global_colors_info=&#8221;{}&#8221;]@ET-DC@eyJkeW5hbWljIjp0cnVlLCJjb250ZW50IjoiY3VycmVudF9kYXRlIiwic2V0dGluZ3MiOnsiYmVmb3JlIjoiQ29weXJpZ2h0ICZjb3B5OyAiLCJhZnRlciI6IiBEaXZpLiBBbGwgUmlnaHRzIFJlc2VydmVkLiIsImRhdGVfZm9ybWF0IjoiY3VzdG9tIiwiY3VzdG9tX2RhdGVfZm9ybWF0IjoiWSJ9fQ==@[\/et_pb_text][\/et_pb_column][\/et_pb_row][\/et_pb_section]<\/p>\n","protected":false},"excerpt":{"rendered":"<p>SommarstartSommaren \u00e4r runt h\u00f6rnet! Vi bjuder in dig att delta i arrangemanget &#8221;Sommarstart&#8221; p\u00e5 Jakobstads torg och g\u00e5gata fredagen den 22.-23 maj. Citygruppen och Visit Jakobstad vill tillsammans med dig \u00f6ka antalet bes\u00f6kare och turister i Jakobstad denna sommar. V\u00e5rt m\u00e5l \u00e4r att samla lokala akt\u00f6rer och presentera sommarens m\u00e5ngsidiga aktivitetsm\u00f6jligheter. \u00c4r du redo f\u00f6r [&hellip;]<\/p>\n","protected":false},"author":4,"featured_media":0,"parent":42,"menu_order":0,"comment_status":"closed","ping_status":"closed","template":"","meta":{"_et_pb_use_builder":"on","_et_pb_old_content":"","_et_gb_content_width":"","footnotes":""},"class_list":["post-801","page","type-page","status-publish","hentry"],"_links":{"self":[{"href":"https:\/\/citygruppen.fi\/fi\/wp-json\/wp\/v2\/pages\/801","targetHints":{"allow":["GET"]}}],"collection":[{"href":"https:\/\/citygruppen.fi\/fi\/wp-json\/wp\/v2\/pages"}],"about":[{"href":"https:\/\/citygruppen.fi\/fi\/wp-json\/wp\/v2\/types\/page"}],"author":[{"embeddable":true,"href":"https:\/\/citygruppen.fi\/fi\/wp-json\/wp\/v2\/users\/4"}],"replies":[{"embeddable":true,"href":"https:\/\/citygruppen.fi\/fi\/wp-json\/wp\/v2\/comments?post=801"}],"version-history":[{"count":76,"href":"https:\/\/citygruppen.fi\/fi\/wp-json\/wp\/v2\/pages\/801\/revisions"}],"predecessor-version":[{"id":2642,"href":"https:\/\/citygruppen.fi\/fi\/wp-json\/wp\/v2\/pages\/801\/revisions\/2642"}],"up":[{"embeddable":true,"href":"https:\/\/citygruppen.fi\/fi\/wp-json\/wp\/v2\/pages\/42"}],"wp:attachment":[{"href":"https:\/\/citygruppen.fi\/fi\/wp-json\/wp\/v2\/media?parent=801"}],"curies":[{"name":"wp","href":"https:\/\/api.w.org\/{rel}","templated":true}]}}