{"id":96,"date":"2023-10-10T08:39:08","date_gmt":"2023-10-10T08:39:08","guid":{"rendered":"https:\/\/citygruppen.fi\/?page_id=96"},"modified":"2024-09-19T07:38:36","modified_gmt":"2024-09-19T07:38:36","slug":"october-city-sale-2024-materials","status":"publish","type":"page","link":"https:\/\/citygruppen.fi\/fi\/evenemang\/october-city-sale-2024-materials\/","title":{"rendered":"October City Sale 2024 materials"},"content":{"rendered":"<p>[et_pb_section fb_built=&#8221;1&#8243; _builder_version=&#8221;4.22.2&#8243; _module_preset=&#8221;default&#8221; background_color=&#8221;#e26241&#8243; global_colors_info=&#8221;{}&#8221;][et_pb_row _builder_version=&#8221;4.22.2&#8243; _module_preset=&#8221;default&#8221; global_colors_info=&#8221;{}&#8221;][et_pb_column type=&#8221;4_4&#8243; _builder_version=&#8221;4.22.2&#8243; _module_preset=&#8221;default&#8221; global_colors_info=&#8221;{}&#8221;][et_pb_post_title meta=&#8221;off&#8221; featured_image=&#8221;off&#8221; _builder_version=&#8221;4.27.0&#8243; _module_preset=&#8221;default&#8221; title_font=&#8221;Candal||||||||&#8221; title_text_color=&#8221;#FFFFFF&#8221; title_font_size=&#8221;36px&#8221; title_letter_spacing=&#8221;2px&#8221; background_color=&#8221;#e26241&#8243; title_text_shadow_style=&#8221;preset1&#8243; global_colors_info=&#8221;{}&#8221;][\/et_pb_post_title][\/et_pb_column][\/et_pb_row][\/et_pb_section][et_pb_section fb_built=&#8221;1&#8243; _builder_version=&#8221;4.22.2&#8243; _module_preset=&#8221;default&#8221; global_colors_info=&#8221;{}&#8221;][et_pb_row _builder_version=&#8221;4.22.2&#8243; _module_preset=&#8221;default&#8221; global_colors_info=&#8221;{}&#8221;][et_pb_column type=&#8221;4_4&#8243; _builder_version=&#8221;4.22.2&#8243; _module_preset=&#8221;default&#8221; global_colors_info=&#8221;{}&#8221;][et_pb_text _builder_version=&#8221;4.22.2&#8243; _module_preset=&#8221;default&#8221; global_colors_info=&#8221;{}&#8221;]<\/p>\n<h1>Logo<\/h1>\n<p>[\/et_pb_text][\/et_pb_column][\/et_pb_row][et_pb_row column_structure=&#8221;1_2,1_2&#8243; _builder_version=&#8221;4.22.2&#8243; _module_preset=&#8221;default&#8221; global_colors_info=&#8221;{}&#8221;][et_pb_column type=&#8221;1_2&#8243; _builder_version=&#8221;4.22.2&#8243; _module_preset=&#8221;default&#8221; global_colors_info=&#8221;{}&#8221;][et_pb_image src=&#8221;https:\/\/citygruppen.fi\/wp-content\/uploads\/2023\/10\/logo.png&#8221; title_text=&#8221;logo&#8221; _builder_version=&#8221;4.22.2&#8243; _module_preset=&#8221;default&#8221; global_colors_info=&#8221;{}&#8221;][\/et_pb_image][et_pb_text _builder_version=&#8221;4.22.2&#8243; _module_preset=&#8221;default&#8221; global_colors_info=&#8221;{}&#8221;]<\/p>\n<p>PNG storlek \/ koko 3375 x 2011 px<\/p>\n<p>[\/et_pb_text][\/et_pb_column][et_pb_column type=&#8221;1_2&#8243; _builder_version=&#8221;4.22.2&#8243; _module_preset=&#8221;default&#8221; global_colors_info=&#8221;{}&#8221;][et_pb_image src=&#8221;https:\/\/citygruppen.fi\/wp-content\/uploads\/2023\/10\/october-city-sale-logo-350px.png&#8221; title_text=&#8221;october-city-sale-logo-350px&#8221; _builder_version=&#8221;4.22.2&#8243; _module_preset=&#8221;default&#8221; global_colors_info=&#8221;{}&#8221;][\/et_pb_image][et_pb_text _builder_version=&#8221;4.22.2&#8243; _module_preset=&#8221;default&#8221; global_colors_info=&#8221;{}&#8221;]<\/p>\n<p>PNG storlek \/ koko 350 x 209 px<\/p>\n<p>[\/et_pb_text][\/et_pb_column][\/et_pb_row][et_pb_row _builder_version=&#8221;4.22.2&#8243; _module_preset=&#8221;default&#8221; global_colors_info=&#8221;{}&#8221;][et_pb_column type=&#8221;4_4&#8243; _builder_version=&#8221;4.22.2&#8243; _module_preset=&#8221;default&#8221; global_colors_info=&#8221;{}&#8221;][et_pb_text _builder_version=&#8221;4.22.2&#8243; _module_preset=&#8221;default&#8221; global_colors_info=&#8221;{}&#8221;]<\/p>\n<h1>F\u00e4rger \/ V\u00e4rit<\/h1>\n<p>[\/et_pb_text][\/et_pb_column][\/et_pb_row][et_pb_row column_structure=&#8221;1_5,1_5,1_5,1_5,1_5&#8243; _builder_version=&#8221;4.22.2&#8243; _module_preset=&#8221;default&#8221; global_colors_info=&#8221;{}&#8221;][et_pb_column type=&#8221;1_5&#8243; _builder_version=&#8221;4.22.2&#8243; _module_preset=&#8221;default&#8221; global_colors_info=&#8221;{}&#8221;][et_pb_text _builder_version=&#8221;4.22.2&#8243; _module_preset=&#8221;default&#8221; header_text_color=&#8221;#000000&#8243; background_color=&#8221;#fff3d6&#8243; module_alignment=&#8221;center&#8221; min_height=&#8221;150px&#8221; custom_margin=&#8221;||||false|false&#8221; custom_padding=&#8221;60px|||30px|false|false&#8221; global_colors_info=&#8221;{}&#8221;]<\/p>\n<h1>#FFF3D6<\/h1>\n<p>[\/et_pb_text][\/et_pb_column][et_pb_column type=&#8221;1_5&#8243; _builder_version=&#8221;4.22.2&#8243; _module_preset=&#8221;default&#8221; global_colors_info=&#8221;{}&#8221;][et_pb_text _builder_version=&#8221;4.22.2&#8243; _module_preset=&#8221;default&#8221; header_text_color=&#8221;#000000&#8243; background_color=&#8221;#ffd469&#8243; module_alignment=&#8221;center&#8221; min_height=&#8221;150px&#8221; custom_margin=&#8221;||||false|false&#8221; custom_padding=&#8221;60px|||30px|false|false&#8221; global_colors_info=&#8221;{}&#8221;]<\/p>\n<h1>#FFD469<\/h1>\n<p>[\/et_pb_text][\/et_pb_column][et_pb_column type=&#8221;1_5&#8243; _builder_version=&#8221;4.22.2&#8243; _module_preset=&#8221;default&#8221; global_colors_info=&#8221;{}&#8221;][et_pb_text _builder_version=&#8221;4.22.2&#8243; _module_preset=&#8221;default&#8221; header_text_color=&#8221;#FFFFFF&#8221; background_color=&#8221;#e3623f&#8221; module_alignment=&#8221;center&#8221; min_height=&#8221;150px&#8221; custom_margin=&#8221;||||false|false&#8221; custom_padding=&#8221;60px|||30px|false|false&#8221; global_colors_info=&#8221;{}&#8221;]<\/p>\n<h1>#E3623F<\/h1>\n<p>[\/et_pb_text][\/et_pb_column][et_pb_column type=&#8221;1_5&#8243; _builder_version=&#8221;4.22.2&#8243; _module_preset=&#8221;default&#8221; global_colors_info=&#8221;{}&#8221;][et_pb_text _builder_version=&#8221;4.22.2&#8243; _module_preset=&#8221;default&#8221; header_text_color=&#8221;#FFFFFF&#8221; background_color=&#8221;#950334&#8243; module_alignment=&#8221;center&#8221; min_height=&#8221;150px&#8221; custom_margin=&#8221;||||false|false&#8221; custom_padding=&#8221;60px|||30px|false|false&#8221; global_colors_info=&#8221;{}&#8221;]<\/p>\n<h1>#950334<\/h1>\n<p>[\/et_pb_text][\/et_pb_column][et_pb_column type=&#8221;1_5&#8243; _builder_version=&#8221;4.22.2&#8243; _module_preset=&#8221;default&#8221; global_colors_info=&#8221;{}&#8221;][et_pb_text _builder_version=&#8221;4.22.2&#8243; _module_preset=&#8221;default&#8221; header_text_color=&#8221;#FFFFFF&#8221; background_color=&#8221;#5b0202&#8243; module_alignment=&#8221;center&#8221; min_height=&#8221;150px&#8221; custom_margin=&#8221;||||false|false&#8221; custom_padding=&#8221;60px|||30px|false|false&#8221; global_colors_info=&#8221;{}&#8221;]<\/p>\n<h1>#5B0202<\/h1>\n<p>[\/et_pb_text][\/et_pb_column][\/et_pb_row][et_pb_row _builder_version=&#8221;4.22.2&#8243; _module_preset=&#8221;default&#8221; global_colors_info=&#8221;{}&#8221;][et_pb_column type=&#8221;4_4&#8243; _builder_version=&#8221;4.22.2&#8243; _module_preset=&#8221;default&#8221; global_colors_info=&#8221;{}&#8221;][et_pb_text _builder_version=&#8221;4.22.2&#8243; _module_preset=&#8221;default&#8221; global_colors_info=&#8221;{}&#8221;]<\/p>\n<h1>Font<\/h1>\n<p>[\/et_pb_text][et_pb_text _builder_version=&#8221;4.22.2&#8243; _module_preset=&#8221;default&#8221; global_colors_info=&#8221;{}&#8221;]<\/p>\n<h2>Logo: Hamish<\/h2>\n<p><span style=\"text-decoration: underline;\"><a href=\"https:\/\/www.dafont.com\/hamish.font\">https:\/\/www.dafont.com\/hamish.font<\/a><\/span><\/p>\n<p>[\/et_pb_text][et_pb_text _builder_version=&#8221;4.22.2&#8243; _module_preset=&#8221;default&#8221; global_colors_info=&#8221;{}&#8221;]<\/p>\n<h2>Jakobstad \/Pietarsaari: Gill Sans MT ext condensed bold<span style=\"text-decoration: underline;\"><a href=\"https:\/\/www.dafont.com\/hamish.font\"><\/a><\/span><\/h2>\n<p>[\/et_pb_text][\/et_pb_column][\/et_pb_row][et_pb_row _builder_version=&#8221;4.22.2&#8243; _module_preset=&#8221;default&#8221; global_colors_info=&#8221;{}&#8221;][et_pb_column type=&#8221;4_4&#8243; _builder_version=&#8221;4.22.2&#8243; _module_preset=&#8221;default&#8221; global_colors_info=&#8221;{}&#8221;][et_pb_text _builder_version=&#8221;4.27.0&#8243; _module_preset=&#8221;default&#8221; hover_enabled=&#8221;0&#8243; global_colors_info=&#8221;{}&#8221; text_text_color=&#8221;#FFBA52&#8243; sticky_enabled=&#8221;0&#8243; header_text_color=&#8221;#FFBA52&#8243;]<\/p>\n<h1>Id\u00e9er f\u00f6r samarbete och deltagande<\/h1>\n<p>[\/et_pb_text][et_pb_text _builder_version=&#8221;4.27.0&#8243; _module_preset=&#8221;default&#8221; hover_enabled=&#8221;0&#8243; global_colors_info=&#8221;{}&#8221; sticky_enabled=&#8221;0&#8243;]<\/p>\n<ul>\n<li>Ta med en konstn\u00e4rsutst\u00e4llning till din butik, det finns s\u00e4kert volont\u00e4rer p\u00e5 h\u00f6gskolan eller n\u00e5gon annanstans.<\/li>\n<li>Dela ut gratis kaffebiljetter i en annan medlemsbutik f\u00f6r att f\u00e5 fler bes\u00f6kare till ditt caf\u00e9\/din restaurang.<\/li>\n<li>Organisera gemensamma kampanjer d\u00e4r kunderna f\u00e5r rabattkuponger f\u00f6r produkter fr\u00e5n andra f\u00f6retag.<\/li>\n<li>Organisera n\u00e5gon form av evenemang tillsammans, med en vald m\u00e5lgrupp (barn, \u00e4ldre, mammor, m\u00e4n) och ett temaprogram (teman: milj\u00f6v\u00e4nlighet\/\u00e5tervinning, din stad\/historia)<\/li>\n<li>Dela ut ballonger, klubbor, merchandise eller ordna ett lotteri.<\/li>\n<li>Samla ihop en trubadur eller dansartist, dela kostnaden p\u00e5 h\u00e4lften.<\/li>\n<li>Makeover tillsammans med en fris\u00f6r, kosmetolog, kl\u00e4d-, smyckes- eller skoaff\u00e4r.<\/li>\n<li>Anordna en teckningst\u00e4vling, ansiktsm\u00e5lning f\u00f6r barn.<\/li>\n<li>Skapa olika presentkorgar som inneh\u00e5ller produkter fr\u00e5n flera f\u00f6retag.<\/li>\n<li>En modevisning med flera f\u00f6retag inblandade.<\/li>\n<li>Sportevenemang som involverar sportbutiker och sportklubbar.<\/li>\n<li>Anordna n\u00e5gon form av workshop eller provsmakning.<\/li>\n<\/ul>\n<p>[\/et_pb_text][\/et_pb_column][\/et_pb_row][\/et_pb_section]<\/p>\n","protected":false},"excerpt":{"rendered":"<p>LogoPNG storlek \/ koko 3375 x 2011 pxPNG storlek \/ koko 350 x 209 pxF\u00e4rger \/ V\u00e4rit#FFF3D6#FFD469#E3623F#950334#5B0202FontLogo: Hamish https:\/\/www.dafont.com\/hamish.fontJakobstad \/Pietarsaari: Gill Sans MT ext condensed boldId\u00e9er f\u00f6r samarbete och deltagande Ta med en konstn\u00e4rsutst\u00e4llning till din butik, det finns s\u00e4kert volont\u00e4rer p\u00e5 h\u00f6gskolan eller n\u00e5gon annanstans. Dela ut gratis kaffebiljetter i en annan medlemsbutik f\u00f6r [&hellip;]<\/p>\n","protected":false},"author":1,"featured_media":0,"parent":42,"menu_order":0,"comment_status":"closed","ping_status":"closed","template":"","meta":{"_et_pb_use_builder":"on","_et_pb_old_content":"","_et_gb_content_width":"","footnotes":""},"class_list":["post-96","page","type-page","status-publish","hentry"],"_links":{"self":[{"href":"https:\/\/citygruppen.fi\/fi\/wp-json\/wp\/v2\/pages\/96","targetHints":{"allow":["GET"]}}],"collection":[{"href":"https:\/\/citygruppen.fi\/fi\/wp-json\/wp\/v2\/pages"}],"about":[{"href":"https:\/\/citygruppen.fi\/fi\/wp-json\/wp\/v2\/types\/page"}],"author":[{"embeddable":true,"href":"https:\/\/citygruppen.fi\/fi\/wp-json\/wp\/v2\/users\/1"}],"replies":[{"embeddable":true,"href":"https:\/\/citygruppen.fi\/fi\/wp-json\/wp\/v2\/comments?post=96"}],"version-history":[{"count":7,"href":"https:\/\/citygruppen.fi\/fi\/wp-json\/wp\/v2\/pages\/96\/revisions"}],"predecessor-version":[{"id":1308,"href":"https:\/\/citygruppen.fi\/fi\/wp-json\/wp\/v2\/pages\/96\/revisions\/1308"}],"up":[{"embeddable":true,"href":"https:\/\/citygruppen.fi\/fi\/wp-json\/wp\/v2\/pages\/42"}],"wp:attachment":[{"href":"https:\/\/citygruppen.fi\/fi\/wp-json\/wp\/v2\/media?parent=96"}],"curies":[{"name":"wp","href":"https:\/\/api.w.org\/{rel}","templated":true}]}}