{"id":1998,"date":"2025-05-27T06:23:24","date_gmt":"2025-05-27T06:23:24","guid":{"rendered":"https:\/\/citygruppen.fi\/?post_type=product&#038;p=1998"},"modified":"2025-05-27T08:22:07","modified_gmt":"2025-05-27T08:22:07","slug":"kvallstorg-plats-nr-13","status":"publish","type":"product","link":"https:\/\/citygruppen.fi\/fi\/tuote\/kvallstorg-plats-nr-13\/","title":{"rendered":"Iltatoripaikka nro 13"},"content":{"rendered":"","protected":false},"excerpt":{"rendered":"<p><strong data-start=\"55\" data-end=\"103\">Varaa paikkasi Pietarsaaren iltatoreille<\/strong><br data-start=\"103\" data-end=\"106\" \/>Paikka nro 13. Paikat varataan ja maksetaan t\u00e4ll\u00e4 sivulla.<br data-start=\"202\" data-end=\"205\" \/>Kartasta n\u00e4et, miss\u00e4 paikat sijaitsevat.<br data-start=\"313\" data-end=\"316\" \/>Valitse p\u00e4iv\u00e4, jolloin aiot tulla myym\u00e4\u00e4n. Voit valita useita p\u00e4ivi\u00e4 samalla kerralla. <strong>Huom! Iltatorit j\u00e4rjestet\u00e4\u00e4n vain maanantaisin kes\u00e4-, hein\u00e4- ja elokuussa, \u00e4l\u00e4 siis valitse muita p\u00e4ivi\u00e4 vaikka se olisikin mahdollista.<\/strong><\/p>\n<p class=\"\" data-start=\"370\" data-end=\"463\">Jos joudut perumaan varauksen, tee se v\u00e4hint\u00e4\u00e4n vuorokautta ennen, jotta saat rahasi takaisin.<\/p>","protected":false},"featured_media":1919,"comment_status":"open","ping_status":"closed","template":"","meta":{"_et_pb_use_builder":"","_et_pb_old_content":"","_et_gb_content_width":""},"product_brand":[],"product_cat":[75,73],"product_tag":[],"mwb_booking_people":[],"mwb_booking_cost":[],"mwb_booking_service":[],"class_list":{"0":"post-1998","1":"product","2":"type-product","3":"status-publish","4":"has-post-thumbnail","6":"product_cat-booking","7":"product_cat-kvallstorg","9":"first","10":"instock","11":"virtual","12":"taxable","13":"purchasable","14":"product-type-mwb_booking"},"_links":{"self":[{"href":"https:\/\/citygruppen.fi\/fi\/wp-json\/wp\/v2\/product\/1998","targetHints":{"allow":["GET"]}}],"collection":[{"href":"https:\/\/citygruppen.fi\/fi\/wp-json\/wp\/v2\/product"}],"about":[{"href":"https:\/\/citygruppen.fi\/fi\/wp-json\/wp\/v2\/types\/product"}],"replies":[{"embeddable":true,"href":"https:\/\/citygruppen.fi\/fi\/wp-json\/wp\/v2\/comments?post=1998"}],"wp:featuredmedia":[{"embeddable":true,"href":"https:\/\/citygruppen.fi\/fi\/wp-json\/wp\/v2\/media\/1919"}],"wp:attachment":[{"href":"https:\/\/citygruppen.fi\/fi\/wp-json\/wp\/v2\/media?parent=1998"}],"wp:term":[{"taxonomy":"product_brand","embeddable":true,"href":"https:\/\/citygruppen.fi\/fi\/wp-json\/wp\/v2\/product_brand?post=1998"},{"taxonomy":"product_cat","embeddable":true,"href":"https:\/\/citygruppen.fi\/fi\/wp-json\/wp\/v2\/product_cat?post=1998"},{"taxonomy":"product_tag","embeddable":true,"href":"https:\/\/citygruppen.fi\/fi\/wp-json\/wp\/v2\/product_tag?post=1998"},{"taxonomy":"mwb_booking_people","embeddable":true,"href":"https:\/\/citygruppen.fi\/fi\/wp-json\/wp\/v2\/mwb_booking_people?post=1998"},{"taxonomy":"mwb_booking_cost","embeddable":true,"href":"https:\/\/citygruppen.fi\/fi\/wp-json\/wp\/v2\/mwb_booking_cost?post=1998"},{"taxonomy":"mwb_booking_service","embeddable":true,"href":"https:\/\/citygruppen.fi\/fi\/wp-json\/wp\/v2\/mwb_booking_service?post=1998"}],"curies":[{"name":"wp","href":"https:\/\/api.w.org\/{rel}","templated":true}]}}