{"id":756,"date":"2024-03-06T09:53:00","date_gmt":"2024-03-06T09:53:00","guid":{"rendered":"https:\/\/citygruppen.fi\/?post_type=product&#038;p=756"},"modified":"2025-06-12T07:23:26","modified_gmt":"2025-06-12T07:23:26","slug":"presentkort","status":"publish","type":"product","link":"https:\/\/citygruppen.fi\/fi\/tuote\/presentkort\/","title":{"rendered":"Lahjakortti"},"content":{"rendered":"<p>T\u00e4\u00e4lt\u00e4 l\u00f6yd\u00e4t listan liikkeist\u00e4, joissa voi maksaa Cityryhm\u00e4n lahjakorteilla:<br \/><a href=\"https:\/\/citygruppen.fi\/fi\/presentkort\/\">https:\/\/citygruppen.fi\/fi\/presentkort\/<\/a><\/p>","protected":false},"excerpt":{"rendered":"<p>Cityryhm\u00e4n lahjakortti on saatavilla eri summille ja lahjakortteja voi yhdistell\u00e4 niin, ett\u00e4 saadaan haluttu summa. Lahjakortti on k\u00e4ytett\u00e4v\u00e4 kokonaan kertaostoksena, joten on hyv\u00e4 mietti\u00e4 kuinka suuria summia haluaa tilata. Lahjakortit ovat fyysisi\u00e4 ja l\u00e4hetet\u00e4\u00e4n joko postitse tai ne on noudettava Cityryhm\u00e4n toimistolta. Lahjakortteja voi tilata lahjaksi suoraan vastaanottajan osoitteeseen.<\/p>","protected":false},"featured_media":762,"comment_status":"open","ping_status":"closed","template":"","meta":{"_et_pb_use_builder":"","_et_pb_old_content":"","_et_gb_content_width":""},"product_brand":[],"product_cat":[27],"product_tag":[],"mwb_booking_people":[],"mwb_booking_cost":[],"mwb_booking_service":[],"class_list":{"0":"post-756","1":"product","2":"type-product","3":"status-publish","4":"has-post-thumbnail","6":"product_cat-yleinen","8":"first","9":"instock","10":"purchasable","11":"product-type-variable","12":"has-default-attributes"},"_links":{"self":[{"href":"https:\/\/citygruppen.fi\/fi\/wp-json\/wp\/v2\/product\/756","targetHints":{"allow":["GET"]}}],"collection":[{"href":"https:\/\/citygruppen.fi\/fi\/wp-json\/wp\/v2\/product"}],"about":[{"href":"https:\/\/citygruppen.fi\/fi\/wp-json\/wp\/v2\/types\/product"}],"replies":[{"embeddable":true,"href":"https:\/\/citygruppen.fi\/fi\/wp-json\/wp\/v2\/comments?post=756"}],"wp:featuredmedia":[{"embeddable":true,"href":"https:\/\/citygruppen.fi\/fi\/wp-json\/wp\/v2\/media\/762"}],"wp:attachment":[{"href":"https:\/\/citygruppen.fi\/fi\/wp-json\/wp\/v2\/media?parent=756"}],"wp:term":[{"taxonomy":"product_brand","embeddable":true,"href":"https:\/\/citygruppen.fi\/fi\/wp-json\/wp\/v2\/product_brand?post=756"},{"taxonomy":"product_cat","embeddable":true,"href":"https:\/\/citygruppen.fi\/fi\/wp-json\/wp\/v2\/product_cat?post=756"},{"taxonomy":"product_tag","embeddable":true,"href":"https:\/\/citygruppen.fi\/fi\/wp-json\/wp\/v2\/product_tag?post=756"},{"taxonomy":"mwb_booking_people","embeddable":true,"href":"https:\/\/citygruppen.fi\/fi\/wp-json\/wp\/v2\/mwb_booking_people?post=756"},{"taxonomy":"mwb_booking_cost","embeddable":true,"href":"https:\/\/citygruppen.fi\/fi\/wp-json\/wp\/v2\/mwb_booking_cost?post=756"},{"taxonomy":"mwb_booking_service","embeddable":true,"href":"https:\/\/citygruppen.fi\/fi\/wp-json\/wp\/v2\/mwb_booking_service?post=756"}],"curies":[{"name":"wp","href":"https:\/\/api.w.org\/{rel}","templated":true}]}}